{"id":2368,"date":"2021-02-15T22:23:44","date_gmt":"2021-02-15T21:23:44","guid":{"rendered":"https:\/\/www.verpoucke.com\/candidature-spontanee\/"},"modified":"2021-05-21T11:52:54","modified_gmt":"2021-05-21T09:52:54","slug":"candidature-spontanee","status":"publish","type":"page","link":"https:\/\/www.verpoucke.com\/fr\/candidature-spontanee\/","title":{"rendered":"Candidature spontan\u00e9e"},"content":{"rendered":"\t\t<div data-elementor-type=\"wp-page\" data-elementor-id=\"2368\" class=\"elementor elementor-2368 elementor-2355\" data-elementor-post-type=\"page\">\n\t\t\t\t\t\t<section class=\"elementor-section elementor-top-section elementor-element elementor-element-40c0905 elementor-section-height-min-height elementor-section-boxed elementor-section-height-default elementor-section-items-middle\" data-id=\"40c0905\" data-element_type=\"section\" data-e-type=\"section\" data-settings=\"{&quot;background_background&quot;:&quot;classic&quot;,&quot;shape_divider_bottom&quot;:&quot;waves&quot;}\">\n\t\t\t\t\t\t\t<div class=\"elementor-background-overlay\"><\/div>\n\t\t\t\t\t\t<div class=\"elementor-shape elementor-shape-bottom\" aria-hidden=\"true\" data-negative=\"false\">\n\t\t\t<svg xmlns=\"http:\/\/www.w3.org\/2000\/svg\" viewBox=\"0 0 1000 100\" preserveAspectRatio=\"none\">\n\t<path class=\"elementor-shape-fill\" d=\"M421.9,6.5c22.6-2.5,51.5,0.4,75.5,5.3c23.6,4.9,70.9,23.5,100.5,35.7c75.8,32.2,133.7,44.5,192.6,49.7\n\tc23.6,2.1,48.7,3.5,103.4-2.5c54.7-6,106.2-25.6,106.2-25.6V0H0v30.3c0,0,72,32.6,158.4,30.5c39.2-0.7,92.8-6.7,134-22.4\n\tc21.2-8.1,52.2-18.2,79.7-24.2C399.3,7.9,411.6,7.5,421.9,6.5z\"\/>\n<\/svg>\t\t<\/div>\n\t\t\t\t\t<div class=\"elementor-container elementor-column-gap-default\">\n\t\t\t\t\t<div class=\"elementor-column elementor-col-50 elementor-top-column elementor-element elementor-element-6bad2543 circle-background\" data-id=\"6bad2543\" data-element_type=\"column\" data-e-type=\"column\" data-settings=\"{&quot;background_background&quot;:&quot;classic&quot;}\">\n\t\t\t<div class=\"elementor-widget-wrap elementor-element-populated\">\n\t\t\t\t\t\t<div class=\"elementor-element elementor-element-30afca17 elementor-widget elementor-widget-spacer\" data-id=\"30afca17\" data-element_type=\"widget\" data-e-type=\"widget\" data-widget_type=\"spacer.default\">\n\t\t\t\t<div class=\"elementor-widget-container\">\n\t\t\t\t\t\t\t<div class=\"elementor-spacer\">\n\t\t\t<div class=\"elementor-spacer-inner\"><\/div>\n\t\t<\/div>\n\t\t\t\t\t\t<\/div>\n\t\t\t\t<\/div>\n\t\t\t\t<div class=\"elementor-element elementor-element-5a77cb60 elementor-widget elementor-widget-breadcrumbs\" data-id=\"5a77cb60\" data-element_type=\"widget\" data-e-type=\"widget\" data-widget_type=\"breadcrumbs.default\">\n\t\t\t\t<div class=\"elementor-widget-container\">\n\t\t\t\t\t<p id=\"breadcrumbs\"><span><span><a href=\"https:\/\/www.verpoucke.com\/fr\/\">Home<\/a><\/span><\/span><\/p>\t\t\t\t<\/div>\n\t\t\t\t<\/div>\n\t\t\t\t<div class=\"elementor-element elementor-element-12ffc234 elementor-widget elementor-widget-heading\" data-id=\"12ffc234\" data-element_type=\"widget\" data-e-type=\"widget\" data-widget_type=\"heading.default\">\n\t\t\t\t<div class=\"elementor-widget-container\">\n\t\t\t\t\t<h1 class=\"elementor-heading-title elementor-size-xl\">Candidature spontan\u00e9e<\/h1>\t\t\t\t<\/div>\n\t\t\t\t<\/div>\n\t\t\t\t<div class=\"elementor-element elementor-element-3a4fdf53 elementor-widget elementor-widget-spacer\" data-id=\"3a4fdf53\" data-element_type=\"widget\" data-e-type=\"widget\" data-widget_type=\"spacer.default\">\n\t\t\t\t<div class=\"elementor-widget-container\">\n\t\t\t\t\t\t\t<div class=\"elementor-spacer\">\n\t\t\t<div class=\"elementor-spacer-inner\"><\/div>\n\t\t<\/div>\n\t\t\t\t\t\t<\/div>\n\t\t\t\t<\/div>\n\t\t\t\t\t<\/div>\n\t\t<\/div>\n\t\t\t\t<div class=\"elementor-column elementor-col-50 elementor-top-column elementor-element elementor-element-42fa7c7f\" data-id=\"42fa7c7f\" data-element_type=\"column\" data-e-type=\"column\">\n\t\t\t<div class=\"elementor-widget-wrap\">\n\t\t\t\t\t\t\t<\/div>\n\t\t<\/div>\n\t\t\t\t\t<\/div>\n\t\t<\/section>\n\t\t\t\t<section class=\"elementor-section elementor-top-section elementor-element elementor-element-d634493 elementor-section-boxed elementor-section-height-default elementor-section-height-default\" data-id=\"d634493\" data-element_type=\"section\" data-e-type=\"section\">\n\t\t\t\t\t\t<div class=\"elementor-container elementor-column-gap-default\">\n\t\t\t\t\t<div class=\"elementor-column elementor-col-100 elementor-top-column elementor-element elementor-element-5646ff8\" data-id=\"5646ff8\" data-element_type=\"column\" data-e-type=\"column\">\n\t\t\t<div class=\"elementor-widget-wrap elementor-element-populated\">\n\t\t\t\t\t\t<div class=\"elementor-element elementor-element-22562ab elementor-widget elementor-widget-heading\" data-id=\"22562ab\" data-element_type=\"widget\" data-e-type=\"widget\" data-widget_type=\"heading.default\">\n\t\t\t\t<div class=\"elementor-widget-container\">\n\t\t\t\t\t<h2 class=\"elementor-heading-title elementor-size-xxl\">Vos donn\u00e9es<\/h2>\t\t\t\t<\/div>\n\t\t\t\t<\/div>\n\t\t\t\t<div class=\"elementor-element elementor-element-08049ed elementor-widget elementor-widget-shortcode\" data-id=\"08049ed\" data-element_type=\"widget\" data-e-type=\"widget\" data-widget_type=\"shortcode.default\">\n\t\t\t\t<div class=\"elementor-widget-container\">\n\t\t\t\t\t\t\t<div class=\"elementor-shortcode\"> <div class=\"application-container\"> <div class=\"about-us-block \"> <h2 class=\"job-title\"><strong> Candidature spontan\u00e9e<\/h2> <\/strong> <h3 class=\"hide-on-mobile\"> \u00c0 propos de Verpoucke <\/h3> <div class=\"hide-on-mobile\"> En tant que partenaire RH, Verpoucke est toujours \u00e0 la recherche de talents pour ses clients, pour des projets ou pour rejoindre notre propre \u00e9quipe. Selon votre exp\u00e9rience, nous avons des opportunit\u00e9s en contrat \u00e0 dur\u00e9e ind\u00e9termin\u00e9e ou sur une base projet. Notre approche est personnalis\u00e9e, mettant l&#039;accent sur l&#039;exp\u00e9rience du candidat et surtout, sur la meilleure correspondance entre vous et votre nouveau d\u00e9fi ! \u00a0 Vous \u00eates int\u00e9ress\u00e9 par un poste technique ou technico-commercial ? D\u00e9couvrez nos offres d&#039;emploi. Plut\u00f4t \u00e0 la recherche d\u2019un projet RH, cliquez ici. Si vous souhaitez faire partie de Verpoucke, d\u00e9couvrez nos opportunit\u00e9s internes. <a href=\/en\/why-verpoucke\/> En savoir plus <\/a> <\/div> <h3> Postulez <\/h3> Nous vous remercions pour l\u2019int\u00e9r\u00eat que vous portez \u00e0 ce poste. D\u00e8s que vous aurez rempli votre demande, nous la traiterons dans les plus bref d\u00e9lais. Vous recevrez une r\u00e9ponse dans 24 heures. <\/div> <form id=\"matador-application-form\" class=\"matador-application\" action=\"https:\/\/www.verpoucke.com\/fr\/matador\/api\/application\/\" enctype=\"multipart\/form-data\" method=\"post\"> <input type=\"hidden\" id=\"matador_application\" name=\"matador_application\" value=\"1d4c5dc67c\" \/><input type=\"hidden\" name=\"_wp_http_referer\" value=\"\/fr\/wp-json\/wp\/v2\/pages\/2368\" \/> <div class=\"application-form-top-block\"> <h3>Appliquer <\/h3> <div>Remplissez vos coordonn\u00e9es pour postluer <\/div> <\/div> <div class=\"form-body\"> <div class=\"matador-field-group matador-field-name matador-field-template-text matador-field-type-text matador-required\"> <div class=\"matador-label\"> <h5 class=\"matador-field-label\"> <label for=\"name\"> Votre nom: <\/label> <\/h5> <\/div> <div class=\"matador-field \"> <input type=\"text\" id=\"name\" name=\"name\" value=\"\" required minlength=\"2\" placeholder=\"name\" \/> <\/div> <\/div> <div class=\"matador-field-group matador-field-email matador-field-template-text matador-field-type-email matador-required\"> <div class=\"matador-label\"> <h5 class=\"matador-field-label\"> <label for=\"email\"> ADRESSE MAIL: <\/label> <\/h5> <\/div> <div class=\"matador-field \"> <input type=\"email\" id=\"email\" name=\"email\" value=\"\" required placeholder=\"email\" \/> <\/div> <\/div> <div class=\"matador-field-group matador-field-message matador-field-template-textarea matador-field-type-textarea\"> <div class=\"matador-label\"> <h5 class=\"matador-field-label\"> <label for=\"message\"> Message aux recruteurs. <\/label> <\/h5> <\/div> <div class=\"matador-field\"> <textarea id=\"message\" name=\"message\" ><\/textarea> <div class=\"matador-field-description\"> Inclure un message aux recruteurs. <\/div> <\/div> <\/div> <div class=\"matador-field-group matador-field-resume matador-field-template-file matador-field-type-file matador-required\"> <div class=\"matador-label\"> <h5 class=\"matador-field-label\"><label> T\u00c9L\u00c9CHARGER VOTRE CV: <\/label><\/h5> <\/div> <div class=\"matador-field\"> <label for=\"resume\" class=\"for-file\"> <svg xmlns=\"http:\/\/www.w3.org\/2000\/svg\" width=\"20\" height=\"17\" viewBox=\"0 0 20 17\"> <path d=\"M10 0l-5.2 4.9h3.3v5.1h3.8v-5.1h3.3l-5.2-4.9zm9.3 11.5l-3.2-2.1h-2l3.4 2.6h-3.5c-.1 0-.2.1-.2.1l-.8 2.3h-6l-.8-2.2c-.1-.1-.1-.2-.2-.2h-3.6l3.4-2.6h-2l-3.2 2.1c-.4.3-.7 1-.6 1.5l.6 3.1c.1.5.7.9 1.2.9h16.3c.6 0 1.1-.4 1.3-.9l.6-3.1c.1-.5-.2-1.2-.7-1.5z\"><\/path> <span>T\u00c9L\u00c9CHARGER VOTRE CV: &hellip;<\/span> <\/svg> <\/label> <input type=\"file\" id=\"resume\" name=\"resume\" class=\"inputfile\" data-multiple-caption=\"{count} fichiers s\u00e9lectionn\u00e9s\" required accept=\".doc,.docx,.pdf,.html,.txt\" \/> <div class=\"matador-field-description\">Joignez un fichier CV. Les types de fichiers accept\u00e9s sont des DOC, DOCX, PDF, HTML, et TXT.<\/div> <\/div> <\/div> <div class=\"matador-field-group matador-field-privacy_policy_opt_in matador-field-template-checkbox matador-field-type-checkbox\"> <div class=\"matador-label\"> <\/div> <div class=\"matador-field\"> <ul class=\"checkboxes\"> <input type=\"hidden\" name=\"privacy_policy_opt_in[]\" \/> <li class=\"checkbox\"> <label for=\"privacy_policy_opt_in-1\"><input type=\"checkbox\" id=\"privacy_policy_opt_in-1\" name=\"privacy_policy_opt_in[]\" value=\"1\" required=\"required\" data-msg-required=\"Vous devez accepter notre politique de confidentialit\u00e9.\" minlength=\"1\" \/> En ins\u00e9rant votre CV, vous nous authorisez \u00e0 garder vos donn\u00e9es pour une p\u00e9riode de 36 mois. <\/label> <\/li> <\/ul> <div class=\"matador-field-description\"><a href=\"https:\/\/www.verpoucke.com\/privacy-statement\/\" target=\"_blank\">Examinez notre Politique de confidentialit\u00e9 pour plus d\u2019informations.<\/a><\/div> <\/div> <\/div> <\/div> <div class=\"matador-field-group matador-field-job-seeker matador-field-template-text matador-field-type-text job-seeker\"> <div class=\"matador-label\"> <h5 class=\"matador-field-label\"> <label for=\"job-seeker\"> Les gens \u00e0 la recherche d\u2019un emploi ne devraient rien mettre ici. <\/label> <\/h5> <\/div> <div class=\"matador-field \"> <input type=\"text\" id=\"job-seeker\" name=\"job-seeker\" value=\"\" tabindex=\"-1\" placeholder=\"job-seeker\" \/> <\/div> <\/div> <input id=\"matador-submit\" class=\"matador-button\" name=\"submit\" type=\"submit\" value=\"Postuler\" \/> <div class=\"form-usps\"> <ul> <li>Un retour dans les <strong>24h<\/strong><\/li> <li>Pas de concordance? Nous regarderons pour des <strong>autres opportunit\u00e9s<\/strong>. <\/li> <li>verpoucke traite vos donn\u00e9es de mani\u00e8re <strong>confidencielle<\/strong><\/li> <\/ul> <\/div> <span class=\"button-under-message\"> \u2714 Nous traiterons vos donn\u00e9es personnelles avec respect, conform\u00e9ment aux directives RGPD en mati\u00e8re de protection de la vie priv\u00e9e.<\/span> <div id=\"matador-upload-overlay\"> <div class=\"matador-upload-overlay-background\"><\/div> <div class=\"matador-upload-overlay-message\"> <span class=\"spinner\"><\/span> <p>Nous t\u00e9l\u00e9chargeons votre application. Il peut prendre quelques instants pour lire votre curriculum vitae. Veuillez patienter!<\/p> <\/div> <\/div> <\/form> <div class=\"about-us-block show-only-mobile\"> <h3> \u00c0 propos de Verpoucke <\/h3> En tant que partenaire RH, Verpoucke est toujours \u00e0 la recherche de talents pour ses clients, pour des projets ou pour rejoindre notre propre \u00e9quipe. Selon votre exp\u00e9rience, nous avons des opportunit\u00e9s en contrat \u00e0 dur\u00e9e ind\u00e9termin\u00e9e ou sur une base projet. Notre approche est personnalis\u00e9e, mettant l&#039;accent sur l&#039;exp\u00e9rience du candidat et surtout, sur la meilleure correspondance entre vous et votre nouveau d\u00e9fi ! \u00a0 Vous \u00eates int\u00e9ress\u00e9 par un poste technique ou technico-commercial ? D\u00e9couvrez nos offres d&#039;emploi. Plut\u00f4t \u00e0 la recherche d\u2019un projet RH, cliquez ici. Si vous souhaitez faire partie de Verpoucke, d\u00e9couvrez nos opportunit\u00e9s internes. <\/div> <\/div> <div class=\"after-application-container\"> <\/div> <\/div>\n\t\t\t\t\t\t<\/div>\n\t\t\t\t<\/div>\n\t\t\t\t\t<\/div>\n\t\t<\/div>\n\t\t\t\t\t<\/div>\n\t\t<\/section>\n\t\t\t\t<\/div>\n\t\t","protected":false},"excerpt":{"rendered":"<p>Candidature spontan\u00e9e Vos donn\u00e9es<\/p>\n","protected":false},"author":1,"featured_media":0,"parent":0,"menu_order":0,"comment_status":"closed","ping_status":"closed","template":"elementor_header_footer","meta":{"_acf_changed":false,"footnotes":""},"class_list":["post-2368","page","type-page","status-publish","hentry"],"acf":[],"yoast_head":"<!-- This site is optimized with the Yoast SEO plugin v27.6 - https:\/\/yoast.com\/product\/yoast-seo-wordpress\/ -->\n<title>Candidature spontan\u00e9e - Verpoucke<\/title>\n<meta name=\"robots\" content=\"index, follow, max-snippet:-1, max-image-preview:large, max-video-preview:-1\" \/>\n<link rel=\"canonical\" href=\"https:\/\/www.verpoucke.com\/fr\/candidature-spontanee\/\" \/>\n<meta property=\"og:locale\" content=\"fr_FR\" \/>\n<meta property=\"og:type\" content=\"article\" \/>\n<meta property=\"og:title\" content=\"Candidature spontan\u00e9e - Verpoucke\" \/>\n<meta property=\"og:description\" content=\"Candidature spontan\u00e9e Vos donn\u00e9es\" \/>\n<meta property=\"og:url\" content=\"https:\/\/www.verpoucke.com\/fr\/candidature-spontanee\/\" \/>\n<meta property=\"og:site_name\" content=\"Verpoucke\" \/>\n<meta property=\"article:publisher\" content=\"https:\/\/www.facebook.com\/Verpoucke?locale=nl_BE\" \/>\n<meta property=\"article:modified_time\" content=\"2021-05-21T09:52:54+00:00\" \/>\n<meta name=\"twitter:card\" content=\"summary_large_image\" \/>\n<script type=\"application\/ld+json\" class=\"yoast-schema-graph\">{\"@context\":\"https:\\\/\\\/schema.org\",\"@graph\":[{\"@type\":\"WebPage\",\"@id\":\"https:\\\/\\\/www.verpoucke.com\\\/fr\\\/candidature-spontanee\\\/\",\"url\":\"https:\\\/\\\/www.verpoucke.com\\\/fr\\\/candidature-spontanee\\\/\",\"name\":\"Candidature spontan\u00e9e - Verpoucke\",\"isPartOf\":{\"@id\":\"https:\\\/\\\/www.verpoucke.com\\\/fr\\\/#website\"},\"datePublished\":\"2021-02-15T21:23:44+00:00\",\"dateModified\":\"2021-05-21T09:52:54+00:00\",\"breadcrumb\":{\"@id\":\"https:\\\/\\\/www.verpoucke.com\\\/fr\\\/candidature-spontanee\\\/#breadcrumb\"},\"inLanguage\":\"fr-FR\",\"potentialAction\":[{\"@type\":\"ReadAction\",\"target\":[\"https:\\\/\\\/www.verpoucke.com\\\/fr\\\/candidature-spontanee\\\/\"]}]},{\"@type\":\"BreadcrumbList\",\"@id\":\"https:\\\/\\\/www.verpoucke.com\\\/fr\\\/candidature-spontanee\\\/#breadcrumb\",\"itemListElement\":[{\"@type\":\"ListItem\",\"position\":1,\"name\":\"Home\",\"item\":\"https:\\\/\\\/www.verpoucke.com\\\/fr\\\/\"},{\"@type\":\"ListItem\",\"position\":2,\"name\":\"Candidature spontan\u00e9e\"}]},{\"@type\":\"WebSite\",\"@id\":\"https:\\\/\\\/www.verpoucke.com\\\/fr\\\/#website\",\"url\":\"https:\\\/\\\/www.verpoucke.com\\\/fr\\\/\",\"name\":\"Verpoucke\",\"description\":\"\",\"publisher\":{\"@id\":\"https:\\\/\\\/www.verpoucke.com\\\/fr\\\/#organization\"},\"potentialAction\":[{\"@type\":\"SearchAction\",\"target\":{\"@type\":\"EntryPoint\",\"urlTemplate\":\"https:\\\/\\\/www.verpoucke.com\\\/fr\\\/?s={search_term_string}\"},\"query-input\":{\"@type\":\"PropertyValueSpecification\",\"valueRequired\":true,\"valueName\":\"search_term_string\"}}],\"inLanguage\":\"fr-FR\"},{\"@type\":\"Organization\",\"@id\":\"https:\\\/\\\/www.verpoucke.com\\\/fr\\\/#organization\",\"name\":\"Verpoucke\",\"url\":\"https:\\\/\\\/www.verpoucke.com\\\/fr\\\/\",\"logo\":{\"@type\":\"ImageObject\",\"inLanguage\":\"fr-FR\",\"@id\":\"https:\\\/\\\/www.verpoucke.com\\\/fr\\\/#\\\/schema\\\/logo\\\/image\\\/\",\"url\":\"https:\\\/\\\/www.verpoucke.com\\\/wp-content\\\/uploads\\\/2020\\\/11\\\/logo-verpoucke.svg\",\"contentUrl\":\"https:\\\/\\\/www.verpoucke.com\\\/wp-content\\\/uploads\\\/2020\\\/11\\\/logo-verpoucke.svg\",\"caption\":\"Verpoucke\"},\"image\":{\"@id\":\"https:\\\/\\\/www.verpoucke.com\\\/fr\\\/#\\\/schema\\\/logo\\\/image\\\/\"},\"sameAs\":[\"https:\\\/\\\/www.facebook.com\\\/Verpoucke?locale=nl_BE\",\"https:\\\/\\\/www.instagram.com\\\/verpoucke_hrpartner\\\/\",\"https:\\\/\\\/www.linkedin.com\\\/company\\\/verpoucke\\\/?viewAsMember=true\"]}]}<\/script>\n<!-- \/ Yoast SEO plugin. -->","yoast_head_json":{"title":"Candidature spontan\u00e9e - Verpoucke","robots":{"index":"index","follow":"follow","max-snippet":"max-snippet:-1","max-image-preview":"max-image-preview:large","max-video-preview":"max-video-preview:-1"},"canonical":"https:\/\/www.verpoucke.com\/fr\/candidature-spontanee\/","og_locale":"fr_FR","og_type":"article","og_title":"Candidature spontan\u00e9e - Verpoucke","og_description":"Candidature spontan\u00e9e Vos donn\u00e9es","og_url":"https:\/\/www.verpoucke.com\/fr\/candidature-spontanee\/","og_site_name":"Verpoucke","article_publisher":"https:\/\/www.facebook.com\/Verpoucke?locale=nl_BE","article_modified_time":"2021-05-21T09:52:54+00:00","twitter_card":"summary_large_image","schema":{"@context":"https:\/\/schema.org","@graph":[{"@type":"WebPage","@id":"https:\/\/www.verpoucke.com\/fr\/candidature-spontanee\/","url":"https:\/\/www.verpoucke.com\/fr\/candidature-spontanee\/","name":"Candidature spontan\u00e9e - Verpoucke","isPartOf":{"@id":"https:\/\/www.verpoucke.com\/fr\/#website"},"datePublished":"2021-02-15T21:23:44+00:00","dateModified":"2021-05-21T09:52:54+00:00","breadcrumb":{"@id":"https:\/\/www.verpoucke.com\/fr\/candidature-spontanee\/#breadcrumb"},"inLanguage":"fr-FR","potentialAction":[{"@type":"ReadAction","target":["https:\/\/www.verpoucke.com\/fr\/candidature-spontanee\/"]}]},{"@type":"BreadcrumbList","@id":"https:\/\/www.verpoucke.com\/fr\/candidature-spontanee\/#breadcrumb","itemListElement":[{"@type":"ListItem","position":1,"name":"Home","item":"https:\/\/www.verpoucke.com\/fr\/"},{"@type":"ListItem","position":2,"name":"Candidature spontan\u00e9e"}]},{"@type":"WebSite","@id":"https:\/\/www.verpoucke.com\/fr\/#website","url":"https:\/\/www.verpoucke.com\/fr\/","name":"Verpoucke","description":"","publisher":{"@id":"https:\/\/www.verpoucke.com\/fr\/#organization"},"potentialAction":[{"@type":"SearchAction","target":{"@type":"EntryPoint","urlTemplate":"https:\/\/www.verpoucke.com\/fr\/?s={search_term_string}"},"query-input":{"@type":"PropertyValueSpecification","valueRequired":true,"valueName":"search_term_string"}}],"inLanguage":"fr-FR"},{"@type":"Organization","@id":"https:\/\/www.verpoucke.com\/fr\/#organization","name":"Verpoucke","url":"https:\/\/www.verpoucke.com\/fr\/","logo":{"@type":"ImageObject","inLanguage":"fr-FR","@id":"https:\/\/www.verpoucke.com\/fr\/#\/schema\/logo\/image\/","url":"https:\/\/www.verpoucke.com\/wp-content\/uploads\/2020\/11\/logo-verpoucke.svg","contentUrl":"https:\/\/www.verpoucke.com\/wp-content\/uploads\/2020\/11\/logo-verpoucke.svg","caption":"Verpoucke"},"image":{"@id":"https:\/\/www.verpoucke.com\/fr\/#\/schema\/logo\/image\/"},"sameAs":["https:\/\/www.facebook.com\/Verpoucke?locale=nl_BE","https:\/\/www.instagram.com\/verpoucke_hrpartner\/","https:\/\/www.linkedin.com\/company\/verpoucke\/?viewAsMember=true"]}]}},"_links":{"self":[{"href":"https:\/\/www.verpoucke.com\/fr\/wp-json\/wp\/v2\/pages\/2368","targetHints":{"allow":["GET"]}}],"collection":[{"href":"https:\/\/www.verpoucke.com\/fr\/wp-json\/wp\/v2\/pages"}],"about":[{"href":"https:\/\/www.verpoucke.com\/fr\/wp-json\/wp\/v2\/types\/page"}],"author":[{"embeddable":true,"href":"https:\/\/www.verpoucke.com\/fr\/wp-json\/wp\/v2\/users\/1"}],"replies":[{"embeddable":true,"href":"https:\/\/www.verpoucke.com\/fr\/wp-json\/wp\/v2\/comments?post=2368"}],"version-history":[{"count":1,"href":"https:\/\/www.verpoucke.com\/fr\/wp-json\/wp\/v2\/pages\/2368\/revisions"}],"predecessor-version":[{"id":2369,"href":"https:\/\/www.verpoucke.com\/fr\/wp-json\/wp\/v2\/pages\/2368\/revisions\/2369"}],"wp:attachment":[{"href":"https:\/\/www.verpoucke.com\/fr\/wp-json\/wp\/v2\/media?parent=2368"}],"curies":[{"name":"wp","href":"https:\/\/api.w.org\/{rel}","templated":true}]}}