{"id":13319,"date":"2022-03-08T15:50:25","date_gmt":"2022-03-08T14:50:25","guid":{"rendered":"https:\/\/www.verpoucke.com\/a-quoi-pouvez-vous-vous-attendre\/"},"modified":"2024-02-29T10:26:20","modified_gmt":"2024-02-29T09:26:20","slug":"projectsourcing-employeur-a-quoi-pouvez-vous-vous-attendre","status":"publish","type":"page","link":"https:\/\/www.verpoucke.com\/fr\/projectsourcing-employeur-a-quoi-pouvez-vous-vous-attendre\/","title":{"rendered":"A quoi pouvez-vous vous attendre ?"},"content":{"rendered":"\t\t<div data-elementor-type=\"wp-page\" data-elementor-id=\"13319\" class=\"elementor elementor-13319 elementor-8521\" data-elementor-post-type=\"page\">\n\t\t\t\t\t\t<section class=\"elementor-section elementor-top-section elementor-element elementor-element-4558373 elementor-section-height-min-height elementor-section-boxed elementor-section-height-default elementor-section-items-middle\" data-id=\"4558373\" data-element_type=\"section\" data-e-type=\"section\" data-settings=\"{&quot;background_background&quot;:&quot;classic&quot;,&quot;shape_divider_bottom&quot;:&quot;waves&quot;}\">\n\t\t\t\t\t\t\t<div class=\"elementor-background-overlay\"><\/div>\n\t\t\t\t\t\t<div class=\"elementor-shape elementor-shape-bottom\" aria-hidden=\"true\" data-negative=\"false\">\n\t\t\t<svg xmlns=\"http:\/\/www.w3.org\/2000\/svg\" viewBox=\"0 0 1000 100\" preserveAspectRatio=\"none\">\n\t<path class=\"elementor-shape-fill\" d=\"M421.9,6.5c22.6-2.5,51.5,0.4,75.5,5.3c23.6,4.9,70.9,23.5,100.5,35.7c75.8,32.2,133.7,44.5,192.6,49.7\n\tc23.6,2.1,48.7,3.5,103.4-2.5c54.7-6,106.2-25.6,106.2-25.6V0H0v30.3c0,0,72,32.6,158.4,30.5c39.2-0.7,92.8-6.7,134-22.4\n\tc21.2-8.1,52.2-18.2,79.7-24.2C399.3,7.9,411.6,7.5,421.9,6.5z\"\/>\n<\/svg>\t\t<\/div>\n\t\t\t\t\t<div class=\"elementor-container elementor-column-gap-default\">\n\t\t\t\t\t<div class=\"elementor-column elementor-col-50 elementor-top-column elementor-element elementor-element-291727a circle-background\" data-id=\"291727a\" data-element_type=\"column\" data-e-type=\"column\" data-settings=\"{&quot;background_background&quot;:&quot;classic&quot;}\">\n\t\t\t<div class=\"elementor-widget-wrap elementor-element-populated\">\n\t\t\t\t\t\t<div class=\"elementor-element elementor-element-e0130da elementor-widget elementor-widget-spacer\" data-id=\"e0130da\" data-element_type=\"widget\" data-e-type=\"widget\" data-widget_type=\"spacer.default\">\n\t\t\t\t<div class=\"elementor-widget-container\">\n\t\t\t\t\t\t\t<div class=\"elementor-spacer\">\n\t\t\t<div class=\"elementor-spacer-inner\"><\/div>\n\t\t<\/div>\n\t\t\t\t\t\t<\/div>\n\t\t\t\t<\/div>\n\t\t\t\t<div class=\"elementor-element elementor-element-11cd481 elementor-widget elementor-widget-heading\" data-id=\"11cd481\" data-element_type=\"widget\" data-e-type=\"widget\" data-widget_type=\"heading.default\">\n\t\t\t\t<div class=\"elementor-widget-container\">\n\t\t\t\t\t<h4 class=\"elementor-heading-title elementor-size-medium\">Project Sourcing<\/h4>\t\t\t\t<\/div>\n\t\t\t\t<\/div>\n\t\t\t\t<div class=\"elementor-element elementor-element-c225311 elementor-widget elementor-widget-heading\" data-id=\"c225311\" data-element_type=\"widget\" data-e-type=\"widget\" data-widget_type=\"heading.default\">\n\t\t\t\t<div class=\"elementor-widget-container\">\n\t\t\t\t\t<h1 class=\"elementor-heading-title elementor-size-xxl\">A quoi pouvez-vous vous attendre ?<\/h1>\t\t\t\t<\/div>\n\t\t\t\t<\/div>\n\t\t\t\t<div class=\"elementor-element elementor-element-eb9cc2e elementor-widget elementor-widget-spacer\" data-id=\"eb9cc2e\" data-element_type=\"widget\" data-e-type=\"widget\" data-widget_type=\"spacer.default\">\n\t\t\t\t<div class=\"elementor-widget-container\">\n\t\t\t\t\t\t\t<div class=\"elementor-spacer\">\n\t\t\t<div class=\"elementor-spacer-inner\"><\/div>\n\t\t<\/div>\n\t\t\t\t\t\t<\/div>\n\t\t\t\t<\/div>\n\t\t\t\t\t<\/div>\n\t\t<\/div>\n\t\t\t\t<div class=\"elementor-column elementor-col-50 elementor-top-column elementor-element elementor-element-87a87be\" data-id=\"87a87be\" data-element_type=\"column\" data-e-type=\"column\">\n\t\t\t<div class=\"elementor-widget-wrap\">\n\t\t\t\t\t\t\t<\/div>\n\t\t<\/div>\n\t\t\t\t\t<\/div>\n\t\t<\/section>\n\t\t\t\t<section class=\"elementor-section elementor-top-section elementor-element elementor-element-d50f1af elementor-section-boxed elementor-section-height-default elementor-section-height-default\" data-id=\"d50f1af\" data-element_type=\"section\" data-e-type=\"section\">\n\t\t\t\t\t\t<div class=\"elementor-container elementor-column-gap-default\">\n\t\t\t\t\t<div class=\"elementor-column elementor-col-100 elementor-top-column elementor-element elementor-element-004872f\" data-id=\"004872f\" data-element_type=\"column\" data-e-type=\"column\">\n\t\t\t<div class=\"elementor-widget-wrap elementor-element-populated\">\n\t\t\t\t\t\t<div class=\"elementor-element elementor-element-70cf5ca elementor-widget elementor-widget-text-editor\" data-id=\"70cf5ca\" data-element_type=\"widget\" data-e-type=\"widget\" data-widget_type=\"text-editor.default\">\n\t\t\t\t<div class=\"elementor-widget-container\">\n\t\t\t\t\t\t\t\t\t<p>Verpoucke vous offre la possibilit\u00e9 de r\u00e9aliser et\/ou d&rsquo;optimiser vos projets RH en mati\u00e8re de recrutement dans divers domaines.<\/p><p>Nos professionnels RH ont une expertise au sein des RH et peuvent \u00eatre d\u00e9ploy\u00e9s tant sur le plan op\u00e9rationnel que strat\u00e9gique. Lors de la s\u00e9lection de nos professionnels, nous utilisons des centres d&rsquo;\u00e9valuation pour cartographier leurs connaissances. L&rsquo;expertise de nos professionnels est constamment mise \u00e0 jour dans leur domaine d&rsquo;activit\u00e9. Cela \u00e0 travers des ateliers et des \u00e9v\u00e9nements o\u00f9 les connaissances peuvent \u00eatre partag\u00e9es.<\/p><h4><strong>Comment proc\u00e9dons-nous concr\u00e8tement ?<\/strong><\/h4><p>Nous pouvons d\u00e9finir vos besoins sur la base d&rsquo;un intake et d&rsquo;une analyse d\u00e9taill\u00e9e de la mission\/projet. Sur la base de cette s\u00e9lection approfondie, nous jumelons le professionnel avec la bonne expertise sp\u00e9cifiquement pour la mission\/le projet.<\/p><p>\u00c9tant donn\u00e9 que nos professionnels des RH sont habitu\u00e9s \u00e0 la variation, ils sont rapidement autonomes et flexibles. Ainsi, ils peuvent s&rsquo;int\u00e9grer rapidement dans votre organisation.<\/p><p>Nous visons toujours un partenariat durable avec nos clients. Nous garantissons cette d\u00e9charge gr\u00e2ce au suivi proactif continu de notre Business Partner Project Sourcing.<\/p>\t\t\t\t\t\t\t\t<\/div>\n\t\t\t\t<\/div>\n\t\t\t\t\t<\/div>\n\t\t<\/div>\n\t\t\t\t\t<\/div>\n\t\t<\/section>\n\t\t\t\t<section class=\"elementor-section elementor-top-section elementor-element elementor-element-7c7798a2 elementor-section-boxed elementor-section-height-default elementor-section-height-default\" data-id=\"7c7798a2\" data-element_type=\"section\" data-e-type=\"section\">\n\t\t\t\t\t\t<div class=\"elementor-container elementor-column-gap-wider\">\n\t\t\t\t\t<div class=\"elementor-column elementor-col-50 elementor-top-column elementor-element elementor-element-3573018e\" data-id=\"3573018e\" data-element_type=\"column\" data-e-type=\"column\">\n\t\t\t<div class=\"elementor-widget-wrap elementor-element-populated\">\n\t\t\t\t\t\t<div class=\"elementor-element elementor-element-2a17a1db elementor-widget elementor-widget-heading\" data-id=\"2a17a1db\" data-element_type=\"widget\" data-e-type=\"widget\" data-widget_type=\"heading.default\">\n\t\t\t\t<div class=\"elementor-widget-container\">\n\t\t\t\t\t<h4 class=\"elementor-heading-title elementor-size-large\">Pourquoi choisir Verpoucke ?<\/h4>\t\t\t\t<\/div>\n\t\t\t\t<\/div>\n\t\t\t\t<div class=\"elementor-element elementor-element-bbc9e0a elementor-widget elementor-widget-text-editor\" data-id=\"bbc9e0a\" data-element_type=\"widget\" data-e-type=\"widget\" data-widget_type=\"text-editor.default\">\n\t\t\t\t<div class=\"elementor-widget-container\">\n\t\t\t\t\t\t\t\t\t<p>Durant l\u2019enti\u00e8ret\u00e9 du processus de recrutement, vous pouvez compter sur:<\/p>\n<ul>\n<li>Une \u00e9quipe d&rsquo;experts chez Verpoucke<\/li>\n<li>Optimisation des processus<\/li>\n<li>Exp\u00e9rience et efficacit\u00e9<\/li>\n<li>Un seul point de contact<\/li>\n<li>Suivi intensif du client et du professionnel des RH<\/li>\n<li>Une communication transparente<\/li>\n<li>Un soutien sans faille tout au long du processus<\/li>\n<\/ul>\t\t\t\t\t\t\t\t<\/div>\n\t\t\t\t<\/div>\n\t\t\t\t\t<\/div>\n\t\t<\/div>\n\t\t\t\t<div class=\"elementor-column elementor-col-50 elementor-top-column elementor-element elementor-element-3a26e5d1\" data-id=\"3a26e5d1\" data-element_type=\"column\" data-e-type=\"column\">\n\t\t\t<div class=\"elementor-widget-wrap elementor-element-populated\">\n\t\t\t\t\t\t<div class=\"elementor-element elementor-element-2ac29760 cutout-right elementor-widget elementor-widget-image\" data-id=\"2ac29760\" data-element_type=\"widget\" data-e-type=\"widget\" data-widget_type=\"image.default\">\n\t\t\t\t<div class=\"elementor-widget-container\">\n\t\t\t\t\t\t\t\t\t\t\t\t\t\t\t<img fetchpriority=\"high\" decoding=\"async\" width=\"800\" height=\"698\" src=\"https:\/\/www.verpoucke.com\/wp-content\/uploads\/2021\/01\/verpoucke-girl-scaled-1-1024x893.jpg\" class=\"attachment-large size-large wp-image-1621\" alt=\"\" srcset=\"https:\/\/www.verpoucke.com\/wp-content\/uploads\/2021\/01\/verpoucke-girl-scaled-1-1024x893.jpg 1024w, https:\/\/www.verpoucke.com\/wp-content\/uploads\/2021\/01\/verpoucke-girl-scaled-1-300x262.jpg 300w, https:\/\/www.verpoucke.com\/wp-content\/uploads\/2021\/01\/verpoucke-girl-scaled-1-768x670.jpg 768w, https:\/\/www.verpoucke.com\/wp-content\/uploads\/2021\/01\/verpoucke-girl-scaled-1-1536x1340.jpg 1536w, https:\/\/www.verpoucke.com\/wp-content\/uploads\/2021\/01\/verpoucke-girl-scaled-1-2048x1786.jpg 2048w\" sizes=\"(max-width: 800px) 100vw, 800px\" \/>\t\t\t\t\t\t\t\t\t\t\t\t\t\t\t<\/div>\n\t\t\t\t<\/div>\n\t\t\t\t\t<\/div>\n\t\t<\/div>\n\t\t\t\t\t<\/div>\n\t\t<\/section>\n\t\t\t\t<section class=\"elementor-section elementor-top-section elementor-element elementor-element-c9eca58 elementor-section-boxed elementor-section-height-default elementor-section-height-default\" data-id=\"c9eca58\" data-element_type=\"section\" data-e-type=\"section\" data-settings=\"{&quot;background_background&quot;:&quot;classic&quot;}\">\n\t\t\t\t\t\t<div class=\"elementor-container elementor-column-gap-default\">\n\t\t\t\t\t<div class=\"elementor-column elementor-col-100 elementor-top-column elementor-element elementor-element-fcc1647\" data-id=\"fcc1647\" data-element_type=\"column\" data-e-type=\"column\">\n\t\t\t<div class=\"elementor-widget-wrap elementor-element-populated\">\n\t\t\t\t\t\t<div class=\"elementor-element elementor-element-02fc823 elementor-widget elementor-widget-spacer\" data-id=\"02fc823\" data-element_type=\"widget\" data-e-type=\"widget\" data-widget_type=\"spacer.default\">\n\t\t\t\t<div class=\"elementor-widget-container\">\n\t\t\t\t\t\t\t<div class=\"elementor-spacer\">\n\t\t\t<div class=\"elementor-spacer-inner\"><\/div>\n\t\t<\/div>\n\t\t\t\t\t\t<\/div>\n\t\t\t\t<\/div>\n\t\t\t\t<div class=\"elementor-element elementor-element-18fcf67 elementor-widget elementor-widget-text-editor\" data-id=\"18fcf67\" data-element_type=\"widget\" data-e-type=\"widget\" data-widget_type=\"text-editor.default\">\n\t\t\t\t<div class=\"elementor-widget-container\">\n\t\t\t\t\t\t\t\t\t<h5 style=\"text-align: center;\"><span style=\"color: #ffffff;\">Votre entreprise recherche des professionnels ? Prenez contact avec Verpoucke.<\/span><\/h5>\t\t\t\t\t\t\t\t<\/div>\n\t\t\t\t<\/div>\n\t\t\t\t<div class=\"elementor-element elementor-element-2019dc8 elementor-align-center elementor-widget elementor-widget-button\" data-id=\"2019dc8\" data-element_type=\"widget\" data-e-type=\"widget\" data-widget_type=\"button.default\">\n\t\t\t\t<div class=\"elementor-widget-container\">\n\t\t\t\t\t\t\t\t\t<div class=\"elementor-button-wrapper\">\n\t\t\t\t\t<a class=\"elementor-button elementor-button-link elementor-size-md\" href=\"https:\/\/www.verpoucke.com\/fr\/contactez-nous\/\">\n\t\t\t\t\t\t<span class=\"elementor-button-content-wrapper\">\n\t\t\t\t\t\t\t\t\t<span class=\"elementor-button-text\">Contactez-nous<\/span>\n\t\t\t\t\t<\/span>\n\t\t\t\t\t<\/a>\n\t\t\t\t<\/div>\n\t\t\t\t\t\t\t\t<\/div>\n\t\t\t\t<\/div>\n\t\t\t\t<div class=\"elementor-element elementor-element-31ba965 elementor-widget elementor-widget-spacer\" data-id=\"31ba965\" data-element_type=\"widget\" data-e-type=\"widget\" data-widget_type=\"spacer.default\">\n\t\t\t\t<div class=\"elementor-widget-container\">\n\t\t\t\t\t\t\t<div class=\"elementor-spacer\">\n\t\t\t<div class=\"elementor-spacer-inner\"><\/div>\n\t\t<\/div>\n\t\t\t\t\t\t<\/div>\n\t\t\t\t<\/div>\n\t\t\t\t\t<\/div>\n\t\t<\/div>\n\t\t\t\t\t<\/div>\n\t\t<\/section>\n\t\t\t\t<section class=\"elementor-section elementor-top-section elementor-element elementor-element-6db3f5b elementor-section-boxed elementor-section-height-default elementor-section-height-default\" data-id=\"6db3f5b\" data-element_type=\"section\" data-e-type=\"section\">\n\t\t\t\t\t\t<div class=\"elementor-container elementor-column-gap-default\">\n\t\t\t\t\t<div class=\"elementor-column elementor-col-100 elementor-top-column elementor-element elementor-element-f0aacb3\" data-id=\"f0aacb3\" data-element_type=\"column\" data-e-type=\"column\">\n\t\t\t<div class=\"elementor-widget-wrap elementor-element-populated\">\n\t\t\t\t\t\t<div class=\"elementor-element elementor-element-18e0047 elementor-widget elementor-widget-spacer\" data-id=\"18e0047\" data-element_type=\"widget\" data-e-type=\"widget\" data-widget_type=\"spacer.default\">\n\t\t\t\t<div class=\"elementor-widget-container\">\n\t\t\t\t\t\t\t<div class=\"elementor-spacer\">\n\t\t\t<div class=\"elementor-spacer-inner\"><\/div>\n\t\t<\/div>\n\t\t\t\t\t\t<\/div>\n\t\t\t\t<\/div>\n\t\t\t\t<div class=\"elementor-element elementor-element-460a055 elementor-align-center elementor-widget elementor-widget-button\" data-id=\"460a055\" data-element_type=\"widget\" data-e-type=\"widget\" data-widget_type=\"button.default\">\n\t\t\t\t<div class=\"elementor-widget-container\">\n\t\t\t\t\t\t\t\t\t<div class=\"elementor-button-wrapper\">\n\t\t\t\t\t<a class=\"elementor-button elementor-button-link elementor-size-md\" href=\"https:\/\/www.verpoucke.com\/fr\/projectsourcing-employeur\/\">\n\t\t\t\t\t\t<span class=\"elementor-button-content-wrapper\">\n\t\t\t\t\t\t\t\t\t<span class=\"elementor-button-text\">Retourner \u00e0 l'aper\u00e7u<\/span>\n\t\t\t\t\t<\/span>\n\t\t\t\t\t<\/a>\n\t\t\t\t<\/div>\n\t\t\t\t\t\t\t\t<\/div>\n\t\t\t\t<\/div>\n\t\t\t\t\t<\/div>\n\t\t<\/div>\n\t\t\t\t\t<\/div>\n\t\t<\/section>\n\t\t\t\t<\/div>\n\t\t","protected":false},"excerpt":{"rendered":"<p>Project Sourcing A quoi pouvez-vous vous attendre ? Verpoucke vous offre la possibilit\u00e9 de r\u00e9aliser et\/ou d&rsquo;optimiser vos projets RH en mati\u00e8re de recrutement dans divers domaines. Nos professionnels RH ont une expertise au sein des RH et peuvent \u00eatre d\u00e9ploy\u00e9s tant sur le plan op\u00e9rationnel que strat\u00e9gique. Lors de la s\u00e9lection de nos professionnels, [&hellip;]<\/p>\n","protected":false},"author":3,"featured_media":0,"parent":0,"menu_order":0,"comment_status":"closed","ping_status":"closed","template":"elementor_header_footer","meta":{"_acf_changed":false,"footnotes":""},"class_list":["post-13319","page","type-page","status-publish","hentry"],"acf":[],"yoast_head":"<!-- This site is optimized with the Yoast SEO plugin v27.5 - https:\/\/yoast.com\/product\/yoast-seo-wordpress\/ -->\n<title>A quoi pouvez-vous vous attendre ? - Verpoucke<\/title>\n<meta name=\"robots\" content=\"index, follow, max-snippet:-1, max-image-preview:large, max-video-preview:-1\" \/>\n<link rel=\"canonical\" href=\"https:\/\/www.verpoucke.com\/fr\/projectsourcing-employeur-a-quoi-pouvez-vous-vous-attendre\/\" \/>\n<meta property=\"og:locale\" content=\"fr_FR\" \/>\n<meta property=\"og:type\" content=\"article\" \/>\n<meta property=\"og:title\" content=\"A quoi pouvez-vous vous attendre ? - Verpoucke\" \/>\n<meta property=\"og:description\" content=\"Project Sourcing A quoi pouvez-vous vous attendre ? Verpoucke vous offre la possibilit\u00e9 de r\u00e9aliser et\/ou d&rsquo;optimiser vos projets RH en mati\u00e8re de recrutement dans divers domaines. Nos professionnels RH ont une expertise au sein des RH et peuvent \u00eatre d\u00e9ploy\u00e9s tant sur le plan op\u00e9rationnel que strat\u00e9gique. Lors de la s\u00e9lection de nos professionnels, [&hellip;]\" \/>\n<meta property=\"og:url\" content=\"https:\/\/www.verpoucke.com\/fr\/projectsourcing-employeur-a-quoi-pouvez-vous-vous-attendre\/\" \/>\n<meta property=\"og:site_name\" content=\"Verpoucke\" \/>\n<meta property=\"article:publisher\" content=\"https:\/\/www.facebook.com\/Verpoucke?locale=nl_BE\" \/>\n<meta property=\"article:modified_time\" content=\"2024-02-29T09:26:20+00:00\" \/>\n<meta property=\"og:image\" content=\"https:\/\/www.verpoucke.com\/wp-content\/uploads\/2021\/01\/verpoucke-girl-scaled-1-1024x893.jpg\" \/>\n<meta name=\"twitter:card\" content=\"summary_large_image\" \/>\n<meta name=\"twitter:label1\" content=\"Dur\u00e9e de lecture estim\u00e9e\" \/>\n\t<meta name=\"twitter:data1\" content=\"2 minutes\" \/>\n<script type=\"application\/ld+json\" class=\"yoast-schema-graph\">{\"@context\":\"https:\\\/\\\/schema.org\",\"@graph\":[{\"@type\":\"WebPage\",\"@id\":\"https:\\\/\\\/www.verpoucke.com\\\/fr\\\/projectsourcing-employeur-a-quoi-pouvez-vous-vous-attendre\\\/\",\"url\":\"https:\\\/\\\/www.verpoucke.com\\\/fr\\\/projectsourcing-employeur-a-quoi-pouvez-vous-vous-attendre\\\/\",\"name\":\"A quoi pouvez-vous vous attendre ? - Verpoucke\",\"isPartOf\":{\"@id\":\"https:\\\/\\\/www.verpoucke.com\\\/fr\\\/#website\"},\"primaryImageOfPage\":{\"@id\":\"https:\\\/\\\/www.verpoucke.com\\\/fr\\\/projectsourcing-employeur-a-quoi-pouvez-vous-vous-attendre\\\/#primaryimage\"},\"image\":{\"@id\":\"https:\\\/\\\/www.verpoucke.com\\\/fr\\\/projectsourcing-employeur-a-quoi-pouvez-vous-vous-attendre\\\/#primaryimage\"},\"thumbnailUrl\":\"https:\\\/\\\/www.verpoucke.com\\\/wp-content\\\/uploads\\\/2021\\\/01\\\/verpoucke-girl-scaled-1-1024x893.jpg\",\"datePublished\":\"2022-03-08T14:50:25+00:00\",\"dateModified\":\"2024-02-29T09:26:20+00:00\",\"breadcrumb\":{\"@id\":\"https:\\\/\\\/www.verpoucke.com\\\/fr\\\/projectsourcing-employeur-a-quoi-pouvez-vous-vous-attendre\\\/#breadcrumb\"},\"inLanguage\":\"fr-FR\",\"potentialAction\":[{\"@type\":\"ReadAction\",\"target\":[\"https:\\\/\\\/www.verpoucke.com\\\/fr\\\/projectsourcing-employeur-a-quoi-pouvez-vous-vous-attendre\\\/\"]}]},{\"@type\":\"ImageObject\",\"inLanguage\":\"fr-FR\",\"@id\":\"https:\\\/\\\/www.verpoucke.com\\\/fr\\\/projectsourcing-employeur-a-quoi-pouvez-vous-vous-attendre\\\/#primaryimage\",\"url\":\"https:\\\/\\\/www.verpoucke.com\\\/wp-content\\\/uploads\\\/2021\\\/01\\\/verpoucke-girl-scaled-1-1024x893.jpg\",\"contentUrl\":\"https:\\\/\\\/www.verpoucke.com\\\/wp-content\\\/uploads\\\/2021\\\/01\\\/verpoucke-girl-scaled-1-1024x893.jpg\"},{\"@type\":\"BreadcrumbList\",\"@id\":\"https:\\\/\\\/www.verpoucke.com\\\/fr\\\/projectsourcing-employeur-a-quoi-pouvez-vous-vous-attendre\\\/#breadcrumb\",\"itemListElement\":[{\"@type\":\"ListItem\",\"position\":1,\"name\":\"Home\",\"item\":\"https:\\\/\\\/www.verpoucke.com\\\/fr\\\/\"},{\"@type\":\"ListItem\",\"position\":2,\"name\":\"A quoi pouvez-vous vous attendre ?\"}]},{\"@type\":\"WebSite\",\"@id\":\"https:\\\/\\\/www.verpoucke.com\\\/fr\\\/#website\",\"url\":\"https:\\\/\\\/www.verpoucke.com\\\/fr\\\/\",\"name\":\"Verpoucke\",\"description\":\"\",\"publisher\":{\"@id\":\"https:\\\/\\\/www.verpoucke.com\\\/fr\\\/#organization\"},\"potentialAction\":[{\"@type\":\"SearchAction\",\"target\":{\"@type\":\"EntryPoint\",\"urlTemplate\":\"https:\\\/\\\/www.verpoucke.com\\\/fr\\\/?s={search_term_string}\"},\"query-input\":{\"@type\":\"PropertyValueSpecification\",\"valueRequired\":true,\"valueName\":\"search_term_string\"}}],\"inLanguage\":\"fr-FR\"},{\"@type\":\"Organization\",\"@id\":\"https:\\\/\\\/www.verpoucke.com\\\/fr\\\/#organization\",\"name\":\"Verpoucke\",\"url\":\"https:\\\/\\\/www.verpoucke.com\\\/fr\\\/\",\"logo\":{\"@type\":\"ImageObject\",\"inLanguage\":\"fr-FR\",\"@id\":\"https:\\\/\\\/www.verpoucke.com\\\/fr\\\/#\\\/schema\\\/logo\\\/image\\\/\",\"url\":\"https:\\\/\\\/www.verpoucke.com\\\/wp-content\\\/uploads\\\/2020\\\/11\\\/logo-verpoucke.svg\",\"contentUrl\":\"https:\\\/\\\/www.verpoucke.com\\\/wp-content\\\/uploads\\\/2020\\\/11\\\/logo-verpoucke.svg\",\"caption\":\"Verpoucke\"},\"image\":{\"@id\":\"https:\\\/\\\/www.verpoucke.com\\\/fr\\\/#\\\/schema\\\/logo\\\/image\\\/\"},\"sameAs\":[\"https:\\\/\\\/www.facebook.com\\\/Verpoucke?locale=nl_BE\",\"https:\\\/\\\/www.instagram.com\\\/verpoucke_hrpartner\\\/\",\"https:\\\/\\\/www.linkedin.com\\\/company\\\/verpoucke\\\/?viewAsMember=true\"]}]}<\/script>\n<!-- \/ Yoast SEO plugin. -->","yoast_head_json":{"title":"A quoi pouvez-vous vous attendre ? - Verpoucke","robots":{"index":"index","follow":"follow","max-snippet":"max-snippet:-1","max-image-preview":"max-image-preview:large","max-video-preview":"max-video-preview:-1"},"canonical":"https:\/\/www.verpoucke.com\/fr\/projectsourcing-employeur-a-quoi-pouvez-vous-vous-attendre\/","og_locale":"fr_FR","og_type":"article","og_title":"A quoi pouvez-vous vous attendre ? - Verpoucke","og_description":"Project Sourcing A quoi pouvez-vous vous attendre ? Verpoucke vous offre la possibilit\u00e9 de r\u00e9aliser et\/ou d&rsquo;optimiser vos projets RH en mati\u00e8re de recrutement dans divers domaines. Nos professionnels RH ont une expertise au sein des RH et peuvent \u00eatre d\u00e9ploy\u00e9s tant sur le plan op\u00e9rationnel que strat\u00e9gique. Lors de la s\u00e9lection de nos professionnels, [&hellip;]","og_url":"https:\/\/www.verpoucke.com\/fr\/projectsourcing-employeur-a-quoi-pouvez-vous-vous-attendre\/","og_site_name":"Verpoucke","article_publisher":"https:\/\/www.facebook.com\/Verpoucke?locale=nl_BE","article_modified_time":"2024-02-29T09:26:20+00:00","og_image":[{"url":"https:\/\/www.verpoucke.com\/wp-content\/uploads\/2021\/01\/verpoucke-girl-scaled-1-1024x893.jpg","type":"","width":"","height":""}],"twitter_card":"summary_large_image","twitter_misc":{"Dur\u00e9e de lecture estim\u00e9e":"2 minutes"},"schema":{"@context":"https:\/\/schema.org","@graph":[{"@type":"WebPage","@id":"https:\/\/www.verpoucke.com\/fr\/projectsourcing-employeur-a-quoi-pouvez-vous-vous-attendre\/","url":"https:\/\/www.verpoucke.com\/fr\/projectsourcing-employeur-a-quoi-pouvez-vous-vous-attendre\/","name":"A quoi pouvez-vous vous attendre ? - Verpoucke","isPartOf":{"@id":"https:\/\/www.verpoucke.com\/fr\/#website"},"primaryImageOfPage":{"@id":"https:\/\/www.verpoucke.com\/fr\/projectsourcing-employeur-a-quoi-pouvez-vous-vous-attendre\/#primaryimage"},"image":{"@id":"https:\/\/www.verpoucke.com\/fr\/projectsourcing-employeur-a-quoi-pouvez-vous-vous-attendre\/#primaryimage"},"thumbnailUrl":"https:\/\/www.verpoucke.com\/wp-content\/uploads\/2021\/01\/verpoucke-girl-scaled-1-1024x893.jpg","datePublished":"2022-03-08T14:50:25+00:00","dateModified":"2024-02-29T09:26:20+00:00","breadcrumb":{"@id":"https:\/\/www.verpoucke.com\/fr\/projectsourcing-employeur-a-quoi-pouvez-vous-vous-attendre\/#breadcrumb"},"inLanguage":"fr-FR","potentialAction":[{"@type":"ReadAction","target":["https:\/\/www.verpoucke.com\/fr\/projectsourcing-employeur-a-quoi-pouvez-vous-vous-attendre\/"]}]},{"@type":"ImageObject","inLanguage":"fr-FR","@id":"https:\/\/www.verpoucke.com\/fr\/projectsourcing-employeur-a-quoi-pouvez-vous-vous-attendre\/#primaryimage","url":"https:\/\/www.verpoucke.com\/wp-content\/uploads\/2021\/01\/verpoucke-girl-scaled-1-1024x893.jpg","contentUrl":"https:\/\/www.verpoucke.com\/wp-content\/uploads\/2021\/01\/verpoucke-girl-scaled-1-1024x893.jpg"},{"@type":"BreadcrumbList","@id":"https:\/\/www.verpoucke.com\/fr\/projectsourcing-employeur-a-quoi-pouvez-vous-vous-attendre\/#breadcrumb","itemListElement":[{"@type":"ListItem","position":1,"name":"Home","item":"https:\/\/www.verpoucke.com\/fr\/"},{"@type":"ListItem","position":2,"name":"A quoi pouvez-vous vous attendre ?"}]},{"@type":"WebSite","@id":"https:\/\/www.verpoucke.com\/fr\/#website","url":"https:\/\/www.verpoucke.com\/fr\/","name":"Verpoucke","description":"","publisher":{"@id":"https:\/\/www.verpoucke.com\/fr\/#organization"},"potentialAction":[{"@type":"SearchAction","target":{"@type":"EntryPoint","urlTemplate":"https:\/\/www.verpoucke.com\/fr\/?s={search_term_string}"},"query-input":{"@type":"PropertyValueSpecification","valueRequired":true,"valueName":"search_term_string"}}],"inLanguage":"fr-FR"},{"@type":"Organization","@id":"https:\/\/www.verpoucke.com\/fr\/#organization","name":"Verpoucke","url":"https:\/\/www.verpoucke.com\/fr\/","logo":{"@type":"ImageObject","inLanguage":"fr-FR","@id":"https:\/\/www.verpoucke.com\/fr\/#\/schema\/logo\/image\/","url":"https:\/\/www.verpoucke.com\/wp-content\/uploads\/2020\/11\/logo-verpoucke.svg","contentUrl":"https:\/\/www.verpoucke.com\/wp-content\/uploads\/2020\/11\/logo-verpoucke.svg","caption":"Verpoucke"},"image":{"@id":"https:\/\/www.verpoucke.com\/fr\/#\/schema\/logo\/image\/"},"sameAs":["https:\/\/www.facebook.com\/Verpoucke?locale=nl_BE","https:\/\/www.instagram.com\/verpoucke_hrpartner\/","https:\/\/www.linkedin.com\/company\/verpoucke\/?viewAsMember=true"]}]}},"_links":{"self":[{"href":"https:\/\/www.verpoucke.com\/fr\/wp-json\/wp\/v2\/pages\/13319","targetHints":{"allow":["GET"]}}],"collection":[{"href":"https:\/\/www.verpoucke.com\/fr\/wp-json\/wp\/v2\/pages"}],"about":[{"href":"https:\/\/www.verpoucke.com\/fr\/wp-json\/wp\/v2\/types\/page"}],"author":[{"embeddable":true,"href":"https:\/\/www.verpoucke.com\/fr\/wp-json\/wp\/v2\/users\/3"}],"replies":[{"embeddable":true,"href":"https:\/\/www.verpoucke.com\/fr\/wp-json\/wp\/v2\/comments?post=13319"}],"version-history":[{"count":14,"href":"https:\/\/www.verpoucke.com\/fr\/wp-json\/wp\/v2\/pages\/13319\/revisions"}],"predecessor-version":[{"id":28297,"href":"https:\/\/www.verpoucke.com\/fr\/wp-json\/wp\/v2\/pages\/13319\/revisions\/28297"}],"wp:attachment":[{"href":"https:\/\/www.verpoucke.com\/fr\/wp-json\/wp\/v2\/media?parent=13319"}],"curies":[{"name":"wp","href":"https:\/\/api.w.org\/{rel}","templated":true}]}}