{"id":1265,"date":"2020-12-23T15:54:15","date_gmt":"2020-12-23T14:54:15","guid":{"rendered":"http:\/\/dev.verpoucke.com\/centre-de-developpement\/"},"modified":"2021-02-16T17:14:02","modified_gmt":"2021-02-16T16:14:02","slug":"centre-de-developpement","status":"publish","type":"page","link":"https:\/\/www.verpoucke.com\/fr\/centre-de-developpement\/","title":{"rendered":"Centre de d\u00e9veloppement"},"content":{"rendered":"\t\t<div data-elementor-type=\"wp-page\" data-elementor-id=\"1265\" class=\"elementor elementor-1265\" data-elementor-post-type=\"page\">\n\t\t\t\t\t\t<section class=\"elementor-section elementor-top-section elementor-element elementor-element-4558373 elementor-section-height-min-height elementor-section-boxed elementor-section-height-default elementor-section-items-middle\" data-id=\"4558373\" data-element_type=\"section\" data-e-type=\"section\" data-settings=\"{&quot;background_background&quot;:&quot;classic&quot;,&quot;shape_divider_bottom&quot;:&quot;waves&quot;}\">\n\t\t\t\t\t\t\t<div class=\"elementor-background-overlay\"><\/div>\n\t\t\t\t\t\t<div class=\"elementor-shape elementor-shape-bottom\" aria-hidden=\"true\" data-negative=\"false\">\n\t\t\t<svg xmlns=\"http:\/\/www.w3.org\/2000\/svg\" viewBox=\"0 0 1000 100\" preserveAspectRatio=\"none\">\n\t<path class=\"elementor-shape-fill\" d=\"M421.9,6.5c22.6-2.5,51.5,0.4,75.5,5.3c23.6,4.9,70.9,23.5,100.5,35.7c75.8,32.2,133.7,44.5,192.6,49.7\n\tc23.6,2.1,48.7,3.5,103.4-2.5c54.7-6,106.2-25.6,106.2-25.6V0H0v30.3c0,0,72,32.6,158.4,30.5c39.2-0.7,92.8-6.7,134-22.4\n\tc21.2-8.1,52.2-18.2,79.7-24.2C399.3,7.9,411.6,7.5,421.9,6.5z\"\/>\n<\/svg>\t\t<\/div>\n\t\t\t\t\t<div class=\"elementor-container elementor-column-gap-default\">\n\t\t\t\t\t<div class=\"elementor-column elementor-col-50 elementor-top-column elementor-element elementor-element-291727a circle-background\" data-id=\"291727a\" data-element_type=\"column\" data-e-type=\"column\" data-settings=\"{&quot;background_background&quot;:&quot;classic&quot;}\">\n\t\t\t<div class=\"elementor-widget-wrap elementor-element-populated\">\n\t\t\t\t\t\t<div class=\"elementor-element elementor-element-e0130da elementor-widget elementor-widget-spacer\" data-id=\"e0130da\" data-element_type=\"widget\" data-e-type=\"widget\" data-widget_type=\"spacer.default\">\n\t\t\t\t<div class=\"elementor-widget-container\">\n\t\t\t\t\t\t\t<div class=\"elementor-spacer\">\n\t\t\t<div class=\"elementor-spacer-inner\"><\/div>\n\t\t<\/div>\n\t\t\t\t\t\t<\/div>\n\t\t\t\t<\/div>\n\t\t\t\t<div class=\"elementor-element elementor-element-11cd481 elementor-widget elementor-widget-heading\" data-id=\"11cd481\" data-element_type=\"widget\" data-e-type=\"widget\" data-widget_type=\"heading.default\">\n\t\t\t\t<div class=\"elementor-widget-container\">\n\t\t\t\t\t<h4 class=\"elementor-heading-title elementor-size-medium\">We are Verpoucke<\/h4>\t\t\t\t<\/div>\n\t\t\t\t<\/div>\n\t\t\t\t<div class=\"elementor-element elementor-element-c225311 elementor-widget elementor-widget-heading\" data-id=\"c225311\" data-element_type=\"widget\" data-e-type=\"widget\" data-widget_type=\"heading.default\">\n\t\t\t\t<div class=\"elementor-widget-container\">\n\t\t\t\t\t<h1 class=\"elementor-heading-title elementor-size-xxl\">Centre de d\u00e9veloppement<\/h1>\t\t\t\t<\/div>\n\t\t\t\t<\/div>\n\t\t\t\t<div class=\"elementor-element elementor-element-eb9cc2e elementor-widget elementor-widget-spacer\" data-id=\"eb9cc2e\" data-element_type=\"widget\" data-e-type=\"widget\" data-widget_type=\"spacer.default\">\n\t\t\t\t<div class=\"elementor-widget-container\">\n\t\t\t\t\t\t\t<div class=\"elementor-spacer\">\n\t\t\t<div class=\"elementor-spacer-inner\"><\/div>\n\t\t<\/div>\n\t\t\t\t\t\t<\/div>\n\t\t\t\t<\/div>\n\t\t\t\t\t<\/div>\n\t\t<\/div>\n\t\t\t\t<div class=\"elementor-column elementor-col-50 elementor-top-column elementor-element elementor-element-87a87be\" data-id=\"87a87be\" data-element_type=\"column\" data-e-type=\"column\">\n\t\t\t<div class=\"elementor-widget-wrap\">\n\t\t\t\t\t\t\t<\/div>\n\t\t<\/div>\n\t\t\t\t\t<\/div>\n\t\t<\/section>\n\t\t\t\t<section class=\"elementor-section elementor-top-section elementor-element elementor-element-d50f1af elementor-section-boxed elementor-section-height-default elementor-section-height-default\" data-id=\"d50f1af\" data-element_type=\"section\" data-e-type=\"section\">\n\t\t\t\t\t\t<div class=\"elementor-container elementor-column-gap-default\">\n\t\t\t\t\t<div class=\"elementor-column elementor-col-100 elementor-top-column elementor-element elementor-element-004872f\" data-id=\"004872f\" data-element_type=\"column\" data-e-type=\"column\">\n\t\t\t<div class=\"elementor-widget-wrap elementor-element-populated\">\n\t\t\t\t\t\t<div class=\"elementor-element elementor-element-54552e5 elementor-widget elementor-widget-spacer\" data-id=\"54552e5\" data-element_type=\"widget\" data-e-type=\"widget\" data-widget_type=\"spacer.default\">\n\t\t\t\t<div class=\"elementor-widget-container\">\n\t\t\t\t\t\t\t<div class=\"elementor-spacer\">\n\t\t\t<div class=\"elementor-spacer-inner\"><\/div>\n\t\t<\/div>\n\t\t\t\t\t\t<\/div>\n\t\t\t\t<\/div>\n\t\t\t\t<div class=\"elementor-element elementor-element-70cf5ca elementor-widget elementor-widget-text-editor\" data-id=\"70cf5ca\" data-element_type=\"widget\" data-e-type=\"widget\" data-widget_type=\"text-editor.default\">\n\t\t\t\t<div class=\"elementor-widget-container\">\n\t\t\t\t\t\t\t\t\t<p>Dans le cadre d\u2019un centre de d\u00e9veloppement, des comp\u00e9tences essentielles sont \u00e9valu\u00e9es \u00e0 travers l\u2019observation de comportements concrets dans des exercices de simulation. L\u2019attention est principalement port\u00e9e sur le d\u00e9veloppement.<\/p>\n<p>Dans ce cadre, nous permettons au collaborateur de d\u00e9montrer ses connaissances acquises et de d\u00e9couvrir ses comp\u00e9tences \u00e0 d\u00e9velopper.<\/p>\n\t\t\t\t\t\t\t\t<\/div>\n\t\t\t\t<\/div>\n\t\t\t\t\t<\/div>\n\t\t<\/div>\n\t\t\t\t\t<\/div>\n\t\t<\/section>\n\t\t\t\t<section class=\"elementor-section elementor-top-section elementor-element elementor-element-0fdd256 elementor-section-boxed elementor-section-height-default elementor-section-height-default\" data-id=\"0fdd256\" data-element_type=\"section\" data-e-type=\"section\">\n\t\t\t\t\t\t<div class=\"elementor-container elementor-column-gap-wider\">\n\t\t\t\t\t<div class=\"elementor-column elementor-col-50 elementor-top-column elementor-element elementor-element-ca46067\" data-id=\"ca46067\" data-element_type=\"column\" data-e-type=\"column\">\n\t\t\t<div class=\"elementor-widget-wrap elementor-element-populated\">\n\t\t\t\t\t\t<div class=\"elementor-element elementor-element-d2bfa49 cutout-right elementor-widget elementor-widget-image\" data-id=\"d2bfa49\" data-element_type=\"widget\" data-e-type=\"widget\" data-widget_type=\"image.default\">\n\t\t\t\t<div class=\"elementor-widget-container\">\n\t\t\t\t\t\t\t\t\t\t\t\t\t\t\t<img fetchpriority=\"high\" decoding=\"async\" width=\"800\" height=\"698\" src=\"https:\/\/www.verpoucke.com\/wp-content\/uploads\/2020\/11\/verpoucke_guy-1024x893.jpg\" class=\"attachment-large size-large wp-image-524\" alt=\"\" srcset=\"https:\/\/www.verpoucke.com\/wp-content\/uploads\/2020\/11\/verpoucke_guy-1024x893.jpg 1024w, https:\/\/www.verpoucke.com\/wp-content\/uploads\/2020\/11\/verpoucke_guy-300x262.jpg 300w, https:\/\/www.verpoucke.com\/wp-content\/uploads\/2020\/11\/verpoucke_guy-768x670.jpg 768w, https:\/\/www.verpoucke.com\/wp-content\/uploads\/2020\/11\/verpoucke_guy-1536x1340.jpg 1536w, https:\/\/www.verpoucke.com\/wp-content\/uploads\/2020\/11\/verpoucke_guy-2048x1786.jpg 2048w\" sizes=\"(max-width: 800px) 100vw, 800px\" \/>\t\t\t\t\t\t\t\t\t\t\t\t\t\t\t<\/div>\n\t\t\t\t<\/div>\n\t\t\t\t\t<\/div>\n\t\t<\/div>\n\t\t\t\t<div class=\"elementor-column elementor-col-50 elementor-top-column elementor-element elementor-element-d05717a\" data-id=\"d05717a\" data-element_type=\"column\" data-e-type=\"column\">\n\t\t\t<div class=\"elementor-widget-wrap elementor-element-populated\">\n\t\t\t\t\t\t<div class=\"elementor-element elementor-element-a5636ef elementor-widget elementor-widget-heading\" data-id=\"a5636ef\" data-element_type=\"widget\" data-e-type=\"widget\" data-widget_type=\"heading.default\">\n\t\t\t\t<div class=\"elementor-widget-container\">\n\t\t\t\t\t<h4 class=\"elementor-heading-title elementor-size-large\">Le programme<\/h4>\t\t\t\t<\/div>\n\t\t\t\t<\/div>\n\t\t\t\t<div class=\"elementor-element elementor-element-51eeca4 elementor-widget elementor-widget-text-editor\" data-id=\"51eeca4\" data-element_type=\"widget\" data-e-type=\"widget\" data-widget_type=\"text-editor.default\">\n\t\t\t\t<div class=\"elementor-widget-container\">\n\t\t\t\t\t\t\t\t\t<ul>\n<li>Tests de personnalit\u00e9;<\/li>\n<li>Tests de comp\u00e9tences;<\/li>\n<li>Interviews orient\u00e9es comp\u00e9tences;<\/li>\n<li>Jeux de r\u00f4les;<\/li>\n<li>Analyse de cas;<\/li>\n<li>Exercice \u00ab in basket \u00bb;<\/li>\n<li>Exercice de pr\u00e9sentation;<\/li>\n<li>&#8230;<\/li>\n<\/ul>\n<p>La totalit\u00e9 du programme d\u2019\u00e9valuation est \u00e9tablie sur un mod\u00e8le de comp\u00e9tences unique qui se base sur les besoins et les valeurs de l\u2019entreprise ainsi que sur le futur r\u00f4le au sein de l\u2019organisation.<\/p>\n\t\t\t\t\t\t\t\t<\/div>\n\t\t\t\t<\/div>\n\t\t\t\t\t<\/div>\n\t\t<\/div>\n\t\t\t\t\t<\/div>\n\t\t<\/section>\n\t\t\t\t<section class=\"elementor-section elementor-top-section elementor-element elementor-element-7c7798a2 elementor-section-boxed elementor-section-height-default elementor-section-height-default\" data-id=\"7c7798a2\" data-element_type=\"section\" data-e-type=\"section\">\n\t\t\t\t\t\t<div class=\"elementor-container elementor-column-gap-wider\">\n\t\t\t\t\t<div class=\"elementor-column elementor-col-50 elementor-top-column elementor-element elementor-element-3573018e\" data-id=\"3573018e\" data-element_type=\"column\" data-e-type=\"column\">\n\t\t\t<div class=\"elementor-widget-wrap elementor-element-populated\">\n\t\t\t\t\t\t<div class=\"elementor-element elementor-element-2a17a1db elementor-widget elementor-widget-heading\" data-id=\"2a17a1db\" data-element_type=\"widget\" data-e-type=\"widget\" data-widget_type=\"heading.default\">\n\t\t\t\t<div class=\"elementor-widget-container\">\n\t\t\t\t\t<h4 class=\"elementor-heading-title elementor-size-large\">Les r\u00e9sultats<\/h4>\t\t\t\t<\/div>\n\t\t\t\t<\/div>\n\t\t\t\t<div class=\"elementor-element elementor-element-bbc9e0a elementor-widget elementor-widget-text-editor\" data-id=\"bbc9e0a\" data-element_type=\"widget\" data-e-type=\"widget\" data-widget_type=\"text-editor.default\">\n\t\t\t\t<div class=\"elementor-widget-container\">\n\t\t\t\t\t\t\t\t\t<ul>\n<li>Analyse des forces et faiblesses;<\/li>\n<li>Types de motivations;<\/li>\n<li>Profil de comp\u00e9tence univoque;<\/li>\n<li>Plan de d\u00e9veloppement personnalis\u00e9;<\/li>\n<li>\u2026<\/li>\n<\/ul>\n<p>Un centre de d\u00e9veloppement peut prendre une demi-journ\u00e9e ou une journ\u00e9e compl\u00e8te en fonction des comp\u00e9tences qui doivent \u00eatre pass\u00e9es en revue.<\/p>\n<p>Des rapports exhaustifs et en profondeur sont pr\u00e9vus et, en fonction de la demande, un feedback verbal concernant le rapport peut avoir lieu.<\/p>\n\t\t\t\t\t\t\t\t<\/div>\n\t\t\t\t<\/div>\n\t\t\t\t\t<\/div>\n\t\t<\/div>\n\t\t\t\t<div class=\"elementor-column elementor-col-50 elementor-top-column elementor-element elementor-element-3a26e5d1\" data-id=\"3a26e5d1\" data-element_type=\"column\" data-e-type=\"column\">\n\t\t\t<div class=\"elementor-widget-wrap elementor-element-populated\">\n\t\t\t\t\t\t<div class=\"elementor-element elementor-element-2ac29760 cutout-right elementor-widget elementor-widget-image\" data-id=\"2ac29760\" data-element_type=\"widget\" data-e-type=\"widget\" data-widget_type=\"image.default\">\n\t\t\t\t<div class=\"elementor-widget-container\">\n\t\t\t\t\t\t\t\t\t\t\t\t\t\t\t<img decoding=\"async\" width=\"800\" height=\"698\" src=\"https:\/\/www.verpoucke.com\/wp-content\/uploads\/2021\/01\/verpoucke-girl-scaled-1-1024x893.jpg\" class=\"attachment-large size-large wp-image-1621\" alt=\"\" srcset=\"https:\/\/www.verpoucke.com\/wp-content\/uploads\/2021\/01\/verpoucke-girl-scaled-1-1024x893.jpg 1024w, https:\/\/www.verpoucke.com\/wp-content\/uploads\/2021\/01\/verpoucke-girl-scaled-1-300x262.jpg 300w, https:\/\/www.verpoucke.com\/wp-content\/uploads\/2021\/01\/verpoucke-girl-scaled-1-768x670.jpg 768w, https:\/\/www.verpoucke.com\/wp-content\/uploads\/2021\/01\/verpoucke-girl-scaled-1-1536x1340.jpg 1536w, https:\/\/www.verpoucke.com\/wp-content\/uploads\/2021\/01\/verpoucke-girl-scaled-1-2048x1786.jpg 2048w\" sizes=\"(max-width: 800px) 100vw, 800px\" \/>\t\t\t\t\t\t\t\t\t\t\t\t\t\t\t<\/div>\n\t\t\t\t<\/div>\n\t\t\t\t\t<\/div>\n\t\t<\/div>\n\t\t\t\t\t<\/div>\n\t\t<\/section>\n\t\t\t\t<section class=\"elementor-section elementor-top-section elementor-element elementor-element-1e1e188 elementor-section-boxed elementor-section-height-default elementor-section-height-default\" data-id=\"1e1e188\" data-element_type=\"section\" data-e-type=\"section\">\n\t\t\t\t\t\t<div class=\"elementor-container elementor-column-gap-wider\">\n\t\t\t\t\t<div class=\"elementor-column elementor-col-50 elementor-top-column elementor-element elementor-element-8e83118\" data-id=\"8e83118\" data-element_type=\"column\" data-e-type=\"column\">\n\t\t\t<div class=\"elementor-widget-wrap elementor-element-populated\">\n\t\t\t\t\t\t<div class=\"elementor-element elementor-element-8f3aac3 cutout-right elementor-widget elementor-widget-image\" data-id=\"8f3aac3\" data-element_type=\"widget\" data-e-type=\"widget\" data-widget_type=\"image.default\">\n\t\t\t\t<div class=\"elementor-widget-container\">\n\t\t\t\t\t\t\t\t\t\t\t\t\t\t\t<img decoding=\"async\" width=\"800\" height=\"698\" src=\"https:\/\/www.verpoucke.com\/wp-content\/uploads\/2020\/12\/verpoucke_guy2-1024x893.jpg\" class=\"attachment-large size-large wp-image-1111\" alt=\"\" srcset=\"https:\/\/www.verpoucke.com\/wp-content\/uploads\/2020\/12\/verpoucke_guy2-1024x893.jpg 1024w, https:\/\/www.verpoucke.com\/wp-content\/uploads\/2020\/12\/verpoucke_guy2-300x262.jpg 300w, https:\/\/www.verpoucke.com\/wp-content\/uploads\/2020\/12\/verpoucke_guy2-768x670.jpg 768w, https:\/\/www.verpoucke.com\/wp-content\/uploads\/2020\/12\/verpoucke_guy2-1536x1340.jpg 1536w, https:\/\/www.verpoucke.com\/wp-content\/uploads\/2020\/12\/verpoucke_guy2-2048x1786.jpg 2048w\" sizes=\"(max-width: 800px) 100vw, 800px\" \/>\t\t\t\t\t\t\t\t\t\t\t\t\t\t\t<\/div>\n\t\t\t\t<\/div>\n\t\t\t\t\t<\/div>\n\t\t<\/div>\n\t\t\t\t<div class=\"elementor-column elementor-col-50 elementor-top-column elementor-element elementor-element-f03c4de\" data-id=\"f03c4de\" data-element_type=\"column\" data-e-type=\"column\">\n\t\t\t<div class=\"elementor-widget-wrap elementor-element-populated\">\n\t\t\t\t\t\t<div class=\"elementor-element elementor-element-09ac92e elementor-widget elementor-widget-heading\" data-id=\"09ac92e\" data-element_type=\"widget\" data-e-type=\"widget\" data-widget_type=\"heading.default\">\n\t\t\t\t<div class=\"elementor-widget-container\">\n\t\t\t\t\t<h4 class=\"elementor-heading-title elementor-size-large\">Que pouvez-vous attendre de nous ?<\/h4>\t\t\t\t<\/div>\n\t\t\t\t<\/div>\n\t\t\t\t<div class=\"elementor-element elementor-element-a930bca elementor-widget elementor-widget-text-editor\" data-id=\"a930bca\" data-element_type=\"widget\" data-e-type=\"widget\" data-widget_type=\"text-editor.default\">\n\t\t\t\t<div class=\"elementor-widget-container\">\n\t\t\t\t\t\t\t\t\t<ul>\n<li>Une \u00e9quipe d\u2019\u00e9valuateurs exp\u00e9riment\u00e9s avec une formation en psychologie;<\/li>\n<li>Une large gamme de techniques d\u2019assessment;<\/li>\n<li>Un assessment construit sur-mesure et en fonction de vos besoins;<\/li>\n<li>Un feedback exhaustif;<\/li>\n<li>Des conseils clairs;<\/li>\n<li>Un feedback et des explications claires \u00e0 chacune des parties;<\/li>\n<li>Des \u00e9valuateurs multilingues;<\/li>\n<li>Des outils innovants, de qualit\u00e9 et des exercices de simulation;<\/li>\n<li>&#8230;<\/li>\n<\/ul>\n\t\t\t\t\t\t\t\t<\/div>\n\t\t\t\t<\/div>\n\t\t\t\t\t<\/div>\n\t\t<\/div>\n\t\t\t\t\t<\/div>\n\t\t<\/section>\n\t\t\t\t<\/div>\n\t\t","protected":false},"excerpt":{"rendered":"<p>We are Verpoucke Centre de d\u00e9veloppement Dans le cadre d\u2019un centre de d\u00e9veloppement, des comp\u00e9tences essentielles sont \u00e9valu\u00e9es \u00e0 travers l\u2019observation de comportements concrets dans des exercices de simulation. L\u2019attention est principalement port\u00e9e sur le d\u00e9veloppement. Dans ce cadre, nous permettons au collaborateur de d\u00e9montrer ses connaissances acquises et de d\u00e9couvrir ses comp\u00e9tences \u00e0 d\u00e9velopper. [&hellip;]<\/p>\n","protected":false},"author":1,"featured_media":0,"parent":0,"menu_order":0,"comment_status":"closed","ping_status":"closed","template":"elementor_header_footer","meta":{"_acf_changed":false,"footnotes":""},"class_list":["post-1265","page","type-page","status-publish","hentry"],"acf":[],"yoast_head":"<!-- This site is optimized with the Yoast SEO plugin v27.6 - https:\/\/yoast.com\/product\/yoast-seo-wordpress\/ -->\n<title>Centre de d\u00e9veloppement - Verpoucke<\/title>\n<meta name=\"robots\" content=\"index, follow, max-snippet:-1, max-image-preview:large, max-video-preview:-1\" \/>\n<link rel=\"canonical\" href=\"https:\/\/www.verpoucke.com\/fr\/centre-de-developpement\/\" \/>\n<meta property=\"og:locale\" content=\"fr_FR\" \/>\n<meta property=\"og:type\" content=\"article\" \/>\n<meta property=\"og:title\" content=\"Centre de d\u00e9veloppement - Verpoucke\" \/>\n<meta property=\"og:description\" content=\"We are Verpoucke Centre de d\u00e9veloppement Dans le cadre d\u2019un centre de d\u00e9veloppement, des comp\u00e9tences essentielles sont \u00e9valu\u00e9es \u00e0 travers l\u2019observation de comportements concrets dans des exercices de simulation. L\u2019attention est principalement port\u00e9e sur le d\u00e9veloppement. Dans ce cadre, nous permettons au collaborateur de d\u00e9montrer ses connaissances acquises et de d\u00e9couvrir ses comp\u00e9tences \u00e0 d\u00e9velopper. [&hellip;]\" \/>\n<meta property=\"og:url\" content=\"https:\/\/www.verpoucke.com\/fr\/centre-de-developpement\/\" \/>\n<meta property=\"og:site_name\" content=\"Verpoucke\" \/>\n<meta property=\"article:publisher\" content=\"https:\/\/www.facebook.com\/Verpoucke?locale=nl_BE\" \/>\n<meta property=\"article:modified_time\" content=\"2021-02-16T16:14:02+00:00\" \/>\n<meta property=\"og:image\" content=\"http:\/\/www.verpoucke.com\/wp-content\/uploads\/2020\/11\/verpoucke_guy-1024x893.jpg\" \/>\n<meta name=\"twitter:card\" content=\"summary_large_image\" \/>\n<meta name=\"twitter:label1\" content=\"Dur\u00e9e de lecture estim\u00e9e\" \/>\n\t<meta name=\"twitter:data1\" content=\"2 minutes\" \/>\n<script type=\"application\/ld+json\" class=\"yoast-schema-graph\">{\"@context\":\"https:\\\/\\\/schema.org\",\"@graph\":[{\"@type\":\"WebPage\",\"@id\":\"https:\\\/\\\/www.verpoucke.com\\\/fr\\\/centre-de-developpement\\\/\",\"url\":\"https:\\\/\\\/www.verpoucke.com\\\/fr\\\/centre-de-developpement\\\/\",\"name\":\"Centre de d\u00e9veloppement - Verpoucke\",\"isPartOf\":{\"@id\":\"https:\\\/\\\/www.verpoucke.com\\\/fr\\\/#website\"},\"primaryImageOfPage\":{\"@id\":\"https:\\\/\\\/www.verpoucke.com\\\/fr\\\/centre-de-developpement\\\/#primaryimage\"},\"image\":{\"@id\":\"https:\\\/\\\/www.verpoucke.com\\\/fr\\\/centre-de-developpement\\\/#primaryimage\"},\"thumbnailUrl\":\"http:\\\/\\\/www.verpoucke.com\\\/wp-content\\\/uploads\\\/2020\\\/11\\\/verpoucke_guy-1024x893.jpg\",\"datePublished\":\"2020-12-23T14:54:15+00:00\",\"dateModified\":\"2021-02-16T16:14:02+00:00\",\"breadcrumb\":{\"@id\":\"https:\\\/\\\/www.verpoucke.com\\\/fr\\\/centre-de-developpement\\\/#breadcrumb\"},\"inLanguage\":\"fr-FR\",\"potentialAction\":[{\"@type\":\"ReadAction\",\"target\":[\"https:\\\/\\\/www.verpoucke.com\\\/fr\\\/centre-de-developpement\\\/\"]}]},{\"@type\":\"ImageObject\",\"inLanguage\":\"fr-FR\",\"@id\":\"https:\\\/\\\/www.verpoucke.com\\\/fr\\\/centre-de-developpement\\\/#primaryimage\",\"url\":\"http:\\\/\\\/www.verpoucke.com\\\/wp-content\\\/uploads\\\/2020\\\/11\\\/verpoucke_guy-1024x893.jpg\",\"contentUrl\":\"http:\\\/\\\/www.verpoucke.com\\\/wp-content\\\/uploads\\\/2020\\\/11\\\/verpoucke_guy-1024x893.jpg\"},{\"@type\":\"BreadcrumbList\",\"@id\":\"https:\\\/\\\/www.verpoucke.com\\\/fr\\\/centre-de-developpement\\\/#breadcrumb\",\"itemListElement\":[{\"@type\":\"ListItem\",\"position\":1,\"name\":\"Home\",\"item\":\"https:\\\/\\\/www.verpoucke.com\\\/fr\\\/\"},{\"@type\":\"ListItem\",\"position\":2,\"name\":\"Centre de d\u00e9veloppement\"}]},{\"@type\":\"WebSite\",\"@id\":\"https:\\\/\\\/www.verpoucke.com\\\/fr\\\/#website\",\"url\":\"https:\\\/\\\/www.verpoucke.com\\\/fr\\\/\",\"name\":\"Verpoucke\",\"description\":\"\",\"publisher\":{\"@id\":\"https:\\\/\\\/www.verpoucke.com\\\/fr\\\/#organization\"},\"potentialAction\":[{\"@type\":\"SearchAction\",\"target\":{\"@type\":\"EntryPoint\",\"urlTemplate\":\"https:\\\/\\\/www.verpoucke.com\\\/fr\\\/?s={search_term_string}\"},\"query-input\":{\"@type\":\"PropertyValueSpecification\",\"valueRequired\":true,\"valueName\":\"search_term_string\"}}],\"inLanguage\":\"fr-FR\"},{\"@type\":\"Organization\",\"@id\":\"https:\\\/\\\/www.verpoucke.com\\\/fr\\\/#organization\",\"name\":\"Verpoucke\",\"url\":\"https:\\\/\\\/www.verpoucke.com\\\/fr\\\/\",\"logo\":{\"@type\":\"ImageObject\",\"inLanguage\":\"fr-FR\",\"@id\":\"https:\\\/\\\/www.verpoucke.com\\\/fr\\\/#\\\/schema\\\/logo\\\/image\\\/\",\"url\":\"https:\\\/\\\/www.verpoucke.com\\\/wp-content\\\/uploads\\\/2020\\\/11\\\/logo-verpoucke.svg\",\"contentUrl\":\"https:\\\/\\\/www.verpoucke.com\\\/wp-content\\\/uploads\\\/2020\\\/11\\\/logo-verpoucke.svg\",\"caption\":\"Verpoucke\"},\"image\":{\"@id\":\"https:\\\/\\\/www.verpoucke.com\\\/fr\\\/#\\\/schema\\\/logo\\\/image\\\/\"},\"sameAs\":[\"https:\\\/\\\/www.facebook.com\\\/Verpoucke?locale=nl_BE\",\"https:\\\/\\\/www.instagram.com\\\/verpoucke_hrpartner\\\/\",\"https:\\\/\\\/www.linkedin.com\\\/company\\\/verpoucke\\\/?viewAsMember=true\"]}]}<\/script>\n<!-- \/ Yoast SEO plugin. -->","yoast_head_json":{"title":"Centre de d\u00e9veloppement - Verpoucke","robots":{"index":"index","follow":"follow","max-snippet":"max-snippet:-1","max-image-preview":"max-image-preview:large","max-video-preview":"max-video-preview:-1"},"canonical":"https:\/\/www.verpoucke.com\/fr\/centre-de-developpement\/","og_locale":"fr_FR","og_type":"article","og_title":"Centre de d\u00e9veloppement - Verpoucke","og_description":"We are Verpoucke Centre de d\u00e9veloppement Dans le cadre d\u2019un centre de d\u00e9veloppement, des comp\u00e9tences essentielles sont \u00e9valu\u00e9es \u00e0 travers l\u2019observation de comportements concrets dans des exercices de simulation. L\u2019attention est principalement port\u00e9e sur le d\u00e9veloppement. Dans ce cadre, nous permettons au collaborateur de d\u00e9montrer ses connaissances acquises et de d\u00e9couvrir ses comp\u00e9tences \u00e0 d\u00e9velopper. [&hellip;]","og_url":"https:\/\/www.verpoucke.com\/fr\/centre-de-developpement\/","og_site_name":"Verpoucke","article_publisher":"https:\/\/www.facebook.com\/Verpoucke?locale=nl_BE","article_modified_time":"2021-02-16T16:14:02+00:00","og_image":[{"url":"http:\/\/www.verpoucke.com\/wp-content\/uploads\/2020\/11\/verpoucke_guy-1024x893.jpg","type":"","width":"","height":""}],"twitter_card":"summary_large_image","twitter_misc":{"Dur\u00e9e de lecture estim\u00e9e":"2 minutes"},"schema":{"@context":"https:\/\/schema.org","@graph":[{"@type":"WebPage","@id":"https:\/\/www.verpoucke.com\/fr\/centre-de-developpement\/","url":"https:\/\/www.verpoucke.com\/fr\/centre-de-developpement\/","name":"Centre de d\u00e9veloppement - Verpoucke","isPartOf":{"@id":"https:\/\/www.verpoucke.com\/fr\/#website"},"primaryImageOfPage":{"@id":"https:\/\/www.verpoucke.com\/fr\/centre-de-developpement\/#primaryimage"},"image":{"@id":"https:\/\/www.verpoucke.com\/fr\/centre-de-developpement\/#primaryimage"},"thumbnailUrl":"http:\/\/www.verpoucke.com\/wp-content\/uploads\/2020\/11\/verpoucke_guy-1024x893.jpg","datePublished":"2020-12-23T14:54:15+00:00","dateModified":"2021-02-16T16:14:02+00:00","breadcrumb":{"@id":"https:\/\/www.verpoucke.com\/fr\/centre-de-developpement\/#breadcrumb"},"inLanguage":"fr-FR","potentialAction":[{"@type":"ReadAction","target":["https:\/\/www.verpoucke.com\/fr\/centre-de-developpement\/"]}]},{"@type":"ImageObject","inLanguage":"fr-FR","@id":"https:\/\/www.verpoucke.com\/fr\/centre-de-developpement\/#primaryimage","url":"http:\/\/www.verpoucke.com\/wp-content\/uploads\/2020\/11\/verpoucke_guy-1024x893.jpg","contentUrl":"http:\/\/www.verpoucke.com\/wp-content\/uploads\/2020\/11\/verpoucke_guy-1024x893.jpg"},{"@type":"BreadcrumbList","@id":"https:\/\/www.verpoucke.com\/fr\/centre-de-developpement\/#breadcrumb","itemListElement":[{"@type":"ListItem","position":1,"name":"Home","item":"https:\/\/www.verpoucke.com\/fr\/"},{"@type":"ListItem","position":2,"name":"Centre de d\u00e9veloppement"}]},{"@type":"WebSite","@id":"https:\/\/www.verpoucke.com\/fr\/#website","url":"https:\/\/www.verpoucke.com\/fr\/","name":"Verpoucke","description":"","publisher":{"@id":"https:\/\/www.verpoucke.com\/fr\/#organization"},"potentialAction":[{"@type":"SearchAction","target":{"@type":"EntryPoint","urlTemplate":"https:\/\/www.verpoucke.com\/fr\/?s={search_term_string}"},"query-input":{"@type":"PropertyValueSpecification","valueRequired":true,"valueName":"search_term_string"}}],"inLanguage":"fr-FR"},{"@type":"Organization","@id":"https:\/\/www.verpoucke.com\/fr\/#organization","name":"Verpoucke","url":"https:\/\/www.verpoucke.com\/fr\/","logo":{"@type":"ImageObject","inLanguage":"fr-FR","@id":"https:\/\/www.verpoucke.com\/fr\/#\/schema\/logo\/image\/","url":"https:\/\/www.verpoucke.com\/wp-content\/uploads\/2020\/11\/logo-verpoucke.svg","contentUrl":"https:\/\/www.verpoucke.com\/wp-content\/uploads\/2020\/11\/logo-verpoucke.svg","caption":"Verpoucke"},"image":{"@id":"https:\/\/www.verpoucke.com\/fr\/#\/schema\/logo\/image\/"},"sameAs":["https:\/\/www.facebook.com\/Verpoucke?locale=nl_BE","https:\/\/www.instagram.com\/verpoucke_hrpartner\/","https:\/\/www.linkedin.com\/company\/verpoucke\/?viewAsMember=true"]}]}},"_links":{"self":[{"href":"https:\/\/www.verpoucke.com\/fr\/wp-json\/wp\/v2\/pages\/1265","targetHints":{"allow":["GET"]}}],"collection":[{"href":"https:\/\/www.verpoucke.com\/fr\/wp-json\/wp\/v2\/pages"}],"about":[{"href":"https:\/\/www.verpoucke.com\/fr\/wp-json\/wp\/v2\/types\/page"}],"author":[{"embeddable":true,"href":"https:\/\/www.verpoucke.com\/fr\/wp-json\/wp\/v2\/users\/1"}],"replies":[{"embeddable":true,"href":"https:\/\/www.verpoucke.com\/fr\/wp-json\/wp\/v2\/comments?post=1265"}],"version-history":[{"count":8,"href":"https:\/\/www.verpoucke.com\/fr\/wp-json\/wp\/v2\/pages\/1265\/revisions"}],"predecessor-version":[{"id":2650,"href":"https:\/\/www.verpoucke.com\/fr\/wp-json\/wp\/v2\/pages\/1265\/revisions\/2650"}],"wp:attachment":[{"href":"https:\/\/www.verpoucke.com\/fr\/wp-json\/wp\/v2\/media?parent=1265"}],"curies":[{"name":"wp","href":"https:\/\/api.w.org\/{rel}","templated":true}]}}