{"id":1257,"date":"2020-12-23T15:48:30","date_gmt":"2020-12-23T14:48:30","guid":{"rendered":"http:\/\/dev.verpoucke.com\/vision\/"},"modified":"2022-02-10T13:58:44","modified_gmt":"2022-02-10T12:58:44","slug":"vision","status":"publish","type":"page","link":"https:\/\/www.verpoucke.com\/fr\/vision\/","title":{"rendered":"Vision"},"content":{"rendered":"\t\t<div data-elementor-type=\"wp-page\" data-elementor-id=\"1257\" class=\"elementor elementor-1257 elementor-777\" data-elementor-post-type=\"page\">\n\t\t\t\t\t\t<section class=\"elementor-section elementor-top-section elementor-element elementor-element-4558373 elementor-section-height-min-height elementor-section-boxed elementor-section-height-default elementor-section-items-middle\" data-id=\"4558373\" data-element_type=\"section\" data-e-type=\"section\" data-settings=\"{&quot;background_background&quot;:&quot;classic&quot;,&quot;shape_divider_bottom&quot;:&quot;waves&quot;}\">\n\t\t\t\t\t\t\t<div class=\"elementor-background-overlay\"><\/div>\n\t\t\t\t\t\t<div class=\"elementor-shape elementor-shape-bottom\" aria-hidden=\"true\" data-negative=\"false\">\n\t\t\t<svg xmlns=\"http:\/\/www.w3.org\/2000\/svg\" viewBox=\"0 0 1000 100\" preserveAspectRatio=\"none\">\n\t<path class=\"elementor-shape-fill\" d=\"M421.9,6.5c22.6-2.5,51.5,0.4,75.5,5.3c23.6,4.9,70.9,23.5,100.5,35.7c75.8,32.2,133.7,44.5,192.6,49.7\n\tc23.6,2.1,48.7,3.5,103.4-2.5c54.7-6,106.2-25.6,106.2-25.6V0H0v30.3c0,0,72,32.6,158.4,30.5c39.2-0.7,92.8-6.7,134-22.4\n\tc21.2-8.1,52.2-18.2,79.7-24.2C399.3,7.9,411.6,7.5,421.9,6.5z\"\/>\n<\/svg>\t\t<\/div>\n\t\t\t\t\t<div class=\"elementor-container elementor-column-gap-default\">\n\t\t\t\t\t<div class=\"elementor-column elementor-col-50 elementor-top-column elementor-element elementor-element-291727a circle-background\" data-id=\"291727a\" data-element_type=\"column\" data-e-type=\"column\" data-settings=\"{&quot;background_background&quot;:&quot;classic&quot;}\">\n\t\t\t<div class=\"elementor-widget-wrap elementor-element-populated\">\n\t\t\t\t\t\t<div class=\"elementor-element elementor-element-e0130da elementor-widget elementor-widget-spacer\" data-id=\"e0130da\" data-element_type=\"widget\" data-e-type=\"widget\" data-widget_type=\"spacer.default\">\n\t\t\t\t<div class=\"elementor-widget-container\">\n\t\t\t\t\t\t\t<div class=\"elementor-spacer\">\n\t\t\t<div class=\"elementor-spacer-inner\"><\/div>\n\t\t<\/div>\n\t\t\t\t\t\t<\/div>\n\t\t\t\t<\/div>\n\t\t\t\t<div class=\"elementor-element elementor-element-11cd481 elementor-widget elementor-widget-heading\" data-id=\"11cd481\" data-element_type=\"widget\" data-e-type=\"widget\" data-widget_type=\"heading.default\">\n\t\t\t\t<div class=\"elementor-widget-container\">\n\t\t\t\t\t<h4 class=\"elementor-heading-title elementor-size-medium\">We are Verpoucke<\/h4>\t\t\t\t<\/div>\n\t\t\t\t<\/div>\n\t\t\t\t<div class=\"elementor-element elementor-element-c225311 elementor-widget elementor-widget-heading\" data-id=\"c225311\" data-element_type=\"widget\" data-e-type=\"widget\" data-widget_type=\"heading.default\">\n\t\t\t\t<div class=\"elementor-widget-container\">\n\t\t\t\t\t<h1 class=\"elementor-heading-title elementor-size-xxl\">Vision<\/h1>\t\t\t\t<\/div>\n\t\t\t\t<\/div>\n\t\t\t\t<div class=\"elementor-element elementor-element-eb9cc2e elementor-widget elementor-widget-spacer\" data-id=\"eb9cc2e\" data-element_type=\"widget\" data-e-type=\"widget\" data-widget_type=\"spacer.default\">\n\t\t\t\t<div class=\"elementor-widget-container\">\n\t\t\t\t\t\t\t<div class=\"elementor-spacer\">\n\t\t\t<div class=\"elementor-spacer-inner\"><\/div>\n\t\t<\/div>\n\t\t\t\t\t\t<\/div>\n\t\t\t\t<\/div>\n\t\t\t\t\t<\/div>\n\t\t<\/div>\n\t\t\t\t<div class=\"elementor-column elementor-col-50 elementor-top-column elementor-element elementor-element-87a87be\" data-id=\"87a87be\" data-element_type=\"column\" data-e-type=\"column\">\n\t\t\t<div class=\"elementor-widget-wrap\">\n\t\t\t\t\t\t\t<\/div>\n\t\t<\/div>\n\t\t\t\t\t<\/div>\n\t\t<\/section>\n\t\t\t\t<section class=\"elementor-section elementor-top-section elementor-element elementor-element-69d492e elementor-section-boxed elementor-section-height-default elementor-section-height-default\" data-id=\"69d492e\" data-element_type=\"section\" data-e-type=\"section\">\n\t\t\t\t\t\t<div class=\"elementor-container elementor-column-gap-default\">\n\t\t\t\t\t<div class=\"elementor-column elementor-col-100 elementor-top-column elementor-element elementor-element-82d2427\" data-id=\"82d2427\" data-element_type=\"column\" data-e-type=\"column\">\n\t\t\t<div class=\"elementor-widget-wrap elementor-element-populated\">\n\t\t\t\t\t\t<div class=\"elementor-element elementor-element-ddfafb3 elementor-widget elementor-widget-spacer\" data-id=\"ddfafb3\" data-element_type=\"widget\" data-e-type=\"widget\" data-widget_type=\"spacer.default\">\n\t\t\t\t<div class=\"elementor-widget-container\">\n\t\t\t\t\t\t\t<div class=\"elementor-spacer\">\n\t\t\t<div class=\"elementor-spacer-inner\"><\/div>\n\t\t<\/div>\n\t\t\t\t\t\t<\/div>\n\t\t\t\t<\/div>\n\t\t\t\t<div class=\"elementor-element elementor-element-c7a1298 elementor-widget elementor-widget-text-editor\" data-id=\"c7a1298\" data-element_type=\"widget\" data-e-type=\"widget\" data-widget_type=\"text-editor.default\">\n\t\t\t\t<div class=\"elementor-widget-container\">\n\t\t\t\t\t\t\t\t\t<p>Pro-activit\u00e9, innovation, dynamique, attention, engagement, \u2026 sont quelques-uns des maitres mots auxquels les consultants de Verpoucke attachent une grande importance.<\/p>\n<p><strong>Notre approche<\/strong><\/p>\n<p>Notre approche globale du service nous conditionne \u00e0 d\u00e9velopper une collaboration constructive tant avec le client qu\u2019avec le candidat. En effet, la cl\u00e9 du succ\u00e8s se trouve dans une parfaite ad\u00e9quation entre les deux parties. Culture, style de management, int\u00e9r\u00eats, exp\u00e9riences, motivations, connaissances doivent toujours \u00eatre observ\u00e9s du point de vue de l\u2019employeur et de l\u2019employ\u00e9. Par ailleurs, un accompagnement intensif de la part d\u2019un partenaire professionnel et ind\u00e9pendant est aussi crucial pour accompagner les deux parties dans la d\u00e9cision importante qu\u2019ils vont prendre.<\/p>\n<p>En r\u00e9alit\u00e9, nous ne recherchons pas uniquement une solution qui r\u00e9soudra un probl\u00e8me \u00e0 court terme mais nous visons plut\u00f4t une relation \u00e0 long terme entre client et candidat. Les ambitions des uns doivent \u00eatre mises en rapport avec les perspectives que les autres peuvent offrir !<\/p>\n\t\t\t\t\t\t\t\t<\/div>\n\t\t\t\t<\/div>\n\t\t\t\t\t<\/div>\n\t\t<\/div>\n\t\t\t\t\t<\/div>\n\t\t<\/section>\n\t\t\t\t<section class=\"elementor-section elementor-top-section elementor-element elementor-element-e0eb7a2 elementor-section-boxed elementor-section-height-default elementor-section-height-default\" data-id=\"e0eb7a2\" data-element_type=\"section\" data-e-type=\"section\">\n\t\t\t\t\t\t<div class=\"elementor-container elementor-column-gap-default\">\n\t\t\t\t\t<div class=\"elementor-column elementor-col-100 elementor-top-column elementor-element elementor-element-e60dc09\" data-id=\"e60dc09\" data-element_type=\"column\" data-e-type=\"column\">\n\t\t\t<div class=\"elementor-widget-wrap elementor-element-populated\">\n\t\t\t\t\t\t<div class=\"elementor-element elementor-element-bd958c2 elementor-widget elementor-widget-text-editor\" data-id=\"bd958c2\" data-element_type=\"widget\" data-e-type=\"widget\" data-widget_type=\"text-editor.default\">\n\t\t\t\t<div class=\"elementor-widget-container\">\n\t\t\t\t\t\t\t\t\t<p><strong>Votre r\u00e9ussite est notre motivation<\/strong><\/p>\n<p>Le recrutement est un succ\u00e8s quand la personne adapt\u00e9e est attir\u00e9e au sein d\u2019une organisation. Nous sommes convaincus que notre approche proactive du march\u00e9 par laquelle les demandeurs d\u2019emploi passifs sont inform\u00e9s, conduit aux meilleurs r\u00e9sultats. Nous pr\u00e9f\u00e9rons mener le processus de recrutement plut\u00f4t que de le subir. De cette mani\u00e8re, nous contribuons au succ\u00e8s des autres !<\/p>\n<p>Traiter de mani\u00e8re flexible et qualitative des situations de march\u00e9 en constante \u00e9volution en mati\u00e8re de RH est un d\u00e9fi pour de nombreux clients. Le d\u00e9veloppement et la croissance dans une soci\u00e9t\u00e9 en constante \u00e9volution, dans des circonstances qui offrent n\u00e9anmoins des certitudes, est une voie que les talents RH sont impatients de suivre. Ici, le Project Sourcing est la solution. Le d\u00e9veloppement personnel de nos talents et la croissance positive de votre entreprise vont ici de pair.<\/p>\n<p>Nous faisons en sorte que les gens se sentent bien dans leur travail en mettant en avant leurs talents et en discutant de leurs points de d\u00e9veloppement. Ce processus permet ainsi d\u2019obtenir plus de succ\u00e8s et, surtout, une meilleure satisfaction au travail. Nos centres d\u2019\u00e9valuation et de d\u00e9veloppement fournissent un aper\u00e7u de ces points et sont utilis\u00e9s pour le recrutement, la promotion et le d\u00e9veloppement. Relier les gens de mani\u00e8re proactive et durable, c\u2019est ainsi que nous voyons les choses.<\/p>\n\t\t\t\t\t\t\t\t<\/div>\n\t\t\t\t<\/div>\n\t\t\t\t\t<\/div>\n\t\t<\/div>\n\t\t\t\t\t<\/div>\n\t\t<\/section>\n\t\t\t\t<section class=\"elementor-section elementor-top-section elementor-element elementor-element-3541d93 elementor-section-boxed elementor-section-height-default elementor-section-height-default\" data-id=\"3541d93\" data-element_type=\"section\" data-e-type=\"section\">\n\t\t\t\t\t\t<div class=\"elementor-container elementor-column-gap-default\">\n\t\t\t\t\t<div class=\"elementor-column elementor-col-100 elementor-top-column elementor-element elementor-element-25b3230\" data-id=\"25b3230\" data-element_type=\"column\" data-e-type=\"column\">\n\t\t\t<div class=\"elementor-widget-wrap elementor-element-populated\">\n\t\t\t\t\t\t<div class=\"elementor-element elementor-element-7422c71 elementor-align-center elementor-widget elementor-widget-button\" data-id=\"7422c71\" data-element_type=\"widget\" data-e-type=\"widget\" data-widget_type=\"button.default\">\n\t\t\t\t<div class=\"elementor-widget-container\">\n\t\t\t\t\t\t\t\t\t<div class=\"elementor-button-wrapper\">\n\t\t\t\t\t<a class=\"elementor-button elementor-button-link elementor-size-md\" href=\"https:\/\/www.verpoucke.com\/fr\/\">\n\t\t\t\t\t\t<span class=\"elementor-button-content-wrapper\">\n\t\t\t\t\t\t\t\t\t<span class=\"elementor-button-text\">Retourner \u00e0 l'aper\u00e7u<\/span>\n\t\t\t\t\t<\/span>\n\t\t\t\t\t<\/a>\n\t\t\t\t<\/div>\n\t\t\t\t\t\t\t\t<\/div>\n\t\t\t\t<\/div>\n\t\t\t\t\t<\/div>\n\t\t<\/div>\n\t\t\t\t\t<\/div>\n\t\t<\/section>\n\t\t\t\t<\/div>\n\t\t","protected":false},"excerpt":{"rendered":"<p>We are Verpoucke Vision Pro-activit\u00e9, innovation, dynamique, attention, engagement, \u2026 sont quelques-uns des maitres mots auxquels les consultants de Verpoucke attachent une grande importance. Notre approche Notre approche globale du service nous conditionne \u00e0 d\u00e9velopper une collaboration constructive tant avec le client qu\u2019avec le candidat. En effet, la cl\u00e9 du succ\u00e8s se trouve dans une [&hellip;]<\/p>\n","protected":false},"author":1,"featured_media":0,"parent":0,"menu_order":0,"comment_status":"closed","ping_status":"closed","template":"elementor_header_footer","meta":{"_acf_changed":false,"footnotes":""},"class_list":["post-1257","page","type-page","status-publish","hentry"],"acf":[],"yoast_head":"<!-- This site is optimized with the Yoast SEO plugin v27.5 - https:\/\/yoast.com\/product\/yoast-seo-wordpress\/ -->\n<title>Vision - Verpoucke<\/title>\n<meta name=\"robots\" content=\"index, follow, max-snippet:-1, max-image-preview:large, max-video-preview:-1\" \/>\n<link rel=\"canonical\" href=\"https:\/\/www.verpoucke.com\/fr\/vision\/\" \/>\n<meta property=\"og:locale\" content=\"fr_FR\" \/>\n<meta property=\"og:type\" content=\"article\" \/>\n<meta property=\"og:title\" content=\"Vision - Verpoucke\" \/>\n<meta property=\"og:description\" content=\"We are Verpoucke Vision Pro-activit\u00e9, innovation, dynamique, attention, engagement, \u2026 sont quelques-uns des maitres mots auxquels les consultants de Verpoucke attachent une grande importance. Notre approche Notre approche globale du service nous conditionne \u00e0 d\u00e9velopper une collaboration constructive tant avec le client qu\u2019avec le candidat. En effet, la cl\u00e9 du succ\u00e8s se trouve dans une [&hellip;]\" \/>\n<meta property=\"og:url\" content=\"https:\/\/www.verpoucke.com\/fr\/vision\/\" \/>\n<meta property=\"og:site_name\" content=\"Verpoucke\" \/>\n<meta property=\"article:publisher\" content=\"https:\/\/www.facebook.com\/Verpoucke?locale=nl_BE\" \/>\n<meta property=\"article:modified_time\" content=\"2022-02-10T12:58:44+00:00\" \/>\n<meta name=\"twitter:card\" content=\"summary_large_image\" \/>\n<meta name=\"twitter:label1\" content=\"Dur\u00e9e de lecture estim\u00e9e\" \/>\n\t<meta name=\"twitter:data1\" content=\"2 minutes\" \/>\n<script type=\"application\/ld+json\" class=\"yoast-schema-graph\">{\"@context\":\"https:\\\/\\\/schema.org\",\"@graph\":[{\"@type\":\"WebPage\",\"@id\":\"https:\\\/\\\/www.verpoucke.com\\\/fr\\\/vision\\\/\",\"url\":\"https:\\\/\\\/www.verpoucke.com\\\/fr\\\/vision\\\/\",\"name\":\"Vision - Verpoucke\",\"isPartOf\":{\"@id\":\"https:\\\/\\\/www.verpoucke.com\\\/fr\\\/#website\"},\"datePublished\":\"2020-12-23T14:48:30+00:00\",\"dateModified\":\"2022-02-10T12:58:44+00:00\",\"breadcrumb\":{\"@id\":\"https:\\\/\\\/www.verpoucke.com\\\/fr\\\/vision\\\/#breadcrumb\"},\"inLanguage\":\"fr-FR\",\"potentialAction\":[{\"@type\":\"ReadAction\",\"target\":[\"https:\\\/\\\/www.verpoucke.com\\\/fr\\\/vision\\\/\"]}]},{\"@type\":\"BreadcrumbList\",\"@id\":\"https:\\\/\\\/www.verpoucke.com\\\/fr\\\/vision\\\/#breadcrumb\",\"itemListElement\":[{\"@type\":\"ListItem\",\"position\":1,\"name\":\"Home\",\"item\":\"https:\\\/\\\/www.verpoucke.com\\\/fr\\\/\"},{\"@type\":\"ListItem\",\"position\":2,\"name\":\"Vision\"}]},{\"@type\":\"WebSite\",\"@id\":\"https:\\\/\\\/www.verpoucke.com\\\/fr\\\/#website\",\"url\":\"https:\\\/\\\/www.verpoucke.com\\\/fr\\\/\",\"name\":\"Verpoucke\",\"description\":\"\",\"publisher\":{\"@id\":\"https:\\\/\\\/www.verpoucke.com\\\/fr\\\/#organization\"},\"potentialAction\":[{\"@type\":\"SearchAction\",\"target\":{\"@type\":\"EntryPoint\",\"urlTemplate\":\"https:\\\/\\\/www.verpoucke.com\\\/fr\\\/?s={search_term_string}\"},\"query-input\":{\"@type\":\"PropertyValueSpecification\",\"valueRequired\":true,\"valueName\":\"search_term_string\"}}],\"inLanguage\":\"fr-FR\"},{\"@type\":\"Organization\",\"@id\":\"https:\\\/\\\/www.verpoucke.com\\\/fr\\\/#organization\",\"name\":\"Verpoucke\",\"url\":\"https:\\\/\\\/www.verpoucke.com\\\/fr\\\/\",\"logo\":{\"@type\":\"ImageObject\",\"inLanguage\":\"fr-FR\",\"@id\":\"https:\\\/\\\/www.verpoucke.com\\\/fr\\\/#\\\/schema\\\/logo\\\/image\\\/\",\"url\":\"https:\\\/\\\/www.verpoucke.com\\\/wp-content\\\/uploads\\\/2020\\\/11\\\/logo-verpoucke.svg\",\"contentUrl\":\"https:\\\/\\\/www.verpoucke.com\\\/wp-content\\\/uploads\\\/2020\\\/11\\\/logo-verpoucke.svg\",\"caption\":\"Verpoucke\"},\"image\":{\"@id\":\"https:\\\/\\\/www.verpoucke.com\\\/fr\\\/#\\\/schema\\\/logo\\\/image\\\/\"},\"sameAs\":[\"https:\\\/\\\/www.facebook.com\\\/Verpoucke?locale=nl_BE\",\"https:\\\/\\\/www.instagram.com\\\/verpoucke_hrpartner\\\/\",\"https:\\\/\\\/www.linkedin.com\\\/company\\\/verpoucke\\\/?viewAsMember=true\"]}]}<\/script>\n<!-- \/ Yoast SEO plugin. -->","yoast_head_json":{"title":"Vision - Verpoucke","robots":{"index":"index","follow":"follow","max-snippet":"max-snippet:-1","max-image-preview":"max-image-preview:large","max-video-preview":"max-video-preview:-1"},"canonical":"https:\/\/www.verpoucke.com\/fr\/vision\/","og_locale":"fr_FR","og_type":"article","og_title":"Vision - Verpoucke","og_description":"We are Verpoucke Vision Pro-activit\u00e9, innovation, dynamique, attention, engagement, \u2026 sont quelques-uns des maitres mots auxquels les consultants de Verpoucke attachent une grande importance. Notre approche Notre approche globale du service nous conditionne \u00e0 d\u00e9velopper une collaboration constructive tant avec le client qu\u2019avec le candidat. En effet, la cl\u00e9 du succ\u00e8s se trouve dans une [&hellip;]","og_url":"https:\/\/www.verpoucke.com\/fr\/vision\/","og_site_name":"Verpoucke","article_publisher":"https:\/\/www.facebook.com\/Verpoucke?locale=nl_BE","article_modified_time":"2022-02-10T12:58:44+00:00","twitter_card":"summary_large_image","twitter_misc":{"Dur\u00e9e de lecture estim\u00e9e":"2 minutes"},"schema":{"@context":"https:\/\/schema.org","@graph":[{"@type":"WebPage","@id":"https:\/\/www.verpoucke.com\/fr\/vision\/","url":"https:\/\/www.verpoucke.com\/fr\/vision\/","name":"Vision - Verpoucke","isPartOf":{"@id":"https:\/\/www.verpoucke.com\/fr\/#website"},"datePublished":"2020-12-23T14:48:30+00:00","dateModified":"2022-02-10T12:58:44+00:00","breadcrumb":{"@id":"https:\/\/www.verpoucke.com\/fr\/vision\/#breadcrumb"},"inLanguage":"fr-FR","potentialAction":[{"@type":"ReadAction","target":["https:\/\/www.verpoucke.com\/fr\/vision\/"]}]},{"@type":"BreadcrumbList","@id":"https:\/\/www.verpoucke.com\/fr\/vision\/#breadcrumb","itemListElement":[{"@type":"ListItem","position":1,"name":"Home","item":"https:\/\/www.verpoucke.com\/fr\/"},{"@type":"ListItem","position":2,"name":"Vision"}]},{"@type":"WebSite","@id":"https:\/\/www.verpoucke.com\/fr\/#website","url":"https:\/\/www.verpoucke.com\/fr\/","name":"Verpoucke","description":"","publisher":{"@id":"https:\/\/www.verpoucke.com\/fr\/#organization"},"potentialAction":[{"@type":"SearchAction","target":{"@type":"EntryPoint","urlTemplate":"https:\/\/www.verpoucke.com\/fr\/?s={search_term_string}"},"query-input":{"@type":"PropertyValueSpecification","valueRequired":true,"valueName":"search_term_string"}}],"inLanguage":"fr-FR"},{"@type":"Organization","@id":"https:\/\/www.verpoucke.com\/fr\/#organization","name":"Verpoucke","url":"https:\/\/www.verpoucke.com\/fr\/","logo":{"@type":"ImageObject","inLanguage":"fr-FR","@id":"https:\/\/www.verpoucke.com\/fr\/#\/schema\/logo\/image\/","url":"https:\/\/www.verpoucke.com\/wp-content\/uploads\/2020\/11\/logo-verpoucke.svg","contentUrl":"https:\/\/www.verpoucke.com\/wp-content\/uploads\/2020\/11\/logo-verpoucke.svg","caption":"Verpoucke"},"image":{"@id":"https:\/\/www.verpoucke.com\/fr\/#\/schema\/logo\/image\/"},"sameAs":["https:\/\/www.facebook.com\/Verpoucke?locale=nl_BE","https:\/\/www.instagram.com\/verpoucke_hrpartner\/","https:\/\/www.linkedin.com\/company\/verpoucke\/?viewAsMember=true"]}]}},"_links":{"self":[{"href":"https:\/\/www.verpoucke.com\/fr\/wp-json\/wp\/v2\/pages\/1257","targetHints":{"allow":["GET"]}}],"collection":[{"href":"https:\/\/www.verpoucke.com\/fr\/wp-json\/wp\/v2\/pages"}],"about":[{"href":"https:\/\/www.verpoucke.com\/fr\/wp-json\/wp\/v2\/types\/page"}],"author":[{"embeddable":true,"href":"https:\/\/www.verpoucke.com\/fr\/wp-json\/wp\/v2\/users\/1"}],"replies":[{"embeddable":true,"href":"https:\/\/www.verpoucke.com\/fr\/wp-json\/wp\/v2\/comments?post=1257"}],"version-history":[{"count":8,"href":"https:\/\/www.verpoucke.com\/fr\/wp-json\/wp\/v2\/pages\/1257\/revisions"}],"predecessor-version":[{"id":12839,"href":"https:\/\/www.verpoucke.com\/fr\/wp-json\/wp\/v2\/pages\/1257\/revisions\/12839"}],"wp:attachment":[{"href":"https:\/\/www.verpoucke.com\/fr\/wp-json\/wp\/v2\/media?parent=1257"}],"curies":[{"name":"wp","href":"https:\/\/api.w.org\/{rel}","templated":true}]}}